{"id":9,"date":"2011-08-20T17:21:07","date_gmt":"2011-08-20T17:21:07","guid":{"rendered":"http:\/\/biologisches-institut-oldenburg.de\/wordpress\/?page_id=9"},"modified":"2023-10-03T19:00:11","modified_gmt":"2023-10-03T19:00:11","slug":"publikationen","status":"publish","type":"page","link":"https:\/\/biologisches-institut-oldenburg.de\/?page_id=9","title":{"rendered":"Publikationen"},"content":{"rendered":"<p style=\"text-align: left;\" align=\"center\"><span style=\"font-size: medium;\"><span style=\"text-decoration: underline;\">T\u00e4tigkeiten im biologischen Bereich<\/span><\/span><\/p>\n<p><span style=\"text-decoration: underline;\"><span style=\"font-size: small;\"><strong>1. Fachver\u00f6ffentlichungen und unver\u00f6ffentlichte Manuskripte<\/strong><\/span><\/span><\/p>\n<p align=\"justify\"><strong>\u00a0a) Tag- Nachtfalter<\/strong><\/p>\n<ul>\n<li>\n<p align=\"justify\">KLEINEKUHLE, J. (1995): Zur Indigenit\u00e4t und Ausbreitung des afrikanischen Bl\u00e4ulings <em>Cacyreus marshalli <\/em>Butler, 1898 in S\u00fcdeuropa (Lep. Lycaenidae). &#8211; Atalanta, 26: 209-214.<\/p>\n<\/li>\n<li>KLEINEKUHLE, J. (1995): Zur Macrolepidopterenfauna der Nordseeinsel Borkum (Lepidoptera). &#8211; Drosera, 2: 109-126.<\/li>\n<li>KLEINEKUHLE, J. (1997): Zur Goldafterforschung auf Wangerooge (Zwischenbericht). &#8211; Wangerooger Inselbote.<\/li>\n<li>KLEINEKUHLE, J. (1997): Die Gro\u00dfschmetterlingsfauna (Macrolepidoptera) einer intensiv genutzten Agrarlandschaft in Nordwestdeutschland (in Janiesch, P., Lemm R.v. &amp; R. Niedringhaus eds. (1997): Das biotische Potential einer intensiv genutzten Agrarlandschaft im Emsland. Erfassung und Bewertung der Zustandssituation als Grundlage f\u00fcr ein zielorientiertes Renaturierungskonzept. &#8211; Abh. Westf. Mus. Naturkunde 59(4): 147-164.<\/li>\n<li>KLEINEKUHLE, J. (1998): Schmetterlingsfauna (Macrolepidoptera) einer intensiv genutzten Agrarlandschaft in Nordwestdeutschland. &#8211; Insecta, Berlin.<\/li>\n<li>\n<p align=\"justify\">KLEINEKUHLE, J. (1999): Die Tagfalter (Rhopalocera) Sardiniens aus biogeographischer Sicht. \u2013 Oedippus 16: 1-60.<\/p>\n<\/li>\n<li>\n<p align=\"justify\">KLEINEKUHLE, J. (2008): Die Gro\u00dfschmetterlinge der Ostfriesischen Inseln (Macrolepidoptera). Kritisches Artenverzeichnis mit Pr\u00e4senz-Angaben f\u00fcr die Inseln und Biotope. \u2013 In: NIEDRINGHAUS, R., HAESELER, V., JANIESCH, P. (Hrsg.): Die Flora und Fauna der Ostfriesischen Inseln. \u2013 <span style=\"font-family: AJensonPro-Regular;\"><span style=\"font-size: xx-small;\">Schr.R. <\/span><\/span>Nationalpark Nieders. Wattenmeer 11: 317-330.<\/p>\n<\/li>\n<li>\n<p align=\"justify\">KLEINEKUHLE, J., Niedringhaus, R. (2008): Die Kleinschmetterlinge (Microlepidoptera) der Ostfriesischen Inseln. Kritisches Artenverzeichnis mit Pr\u00e4senz-Angaben f\u00fcr die Inseln und Biotope. \u2013 In: Niedringhaus, R., Haeseler, V., Janiesch, P. (Hrsg.): Die Flora und Fauna der Ostfriesischen Inseln. \u2013 Schr.R. Nationalpark Nieders. Wattenmeer 11: 331-340.<\/p>\n<\/li>\n<li>KLEINEKUHLE, J.\u00a0(i.V.): Beitrag zur Tagfalterfauna der westlichen Mittelmeerinseln.<\/li>\n<li>KLEINEKUHLE, J. (i.V.): Zur Bionomie und \u00d6kologie des Lymantriiden <em>Euproctis chrysorrhoea<\/em> (Linnaeus, 1758) und M\u00f6glichkeiten zur Bestandsdezimierung bei Massengradationen unter besonderer Ber\u00fccksichtigung seiner Parasiten und Parasitoiden (Lepidoptera, Hymenoptera, Diptera et Entomophorales).<\/li>\n<\/ul>\n<p align=\"justify\"><strong>\u00a0b) S\u00e4uger<\/strong><\/p>\n<ul>\n<li>Haacks, M.; Horstkotte, J. (1991): DJN-Sommerlager Hayingen, Schw\u00e4bische Alb. S\u00e4ugetierkundlicher Teil &#8211; Kleins\u00e4ugerf\u00e4nge in Lebendfallen. Naturkundliche Beitr\u00e4ge des DJN 24: 68-70<\/li>\n<\/ul>\n<ul>\n<li>\n<p align=\"justify\">KLEINEKUHLE, J. (2006): Unsere heimischen Raubs\u00e4uger \u2013 Teil 1 Marderartige, der Iltis. \u2013 Der Oldenburger Waidmann 11: 18-19.<\/p>\n<\/li>\n<li>\n<p align=\"justify\">KLEINEKUHLE, J. (2006): Unsere heimischen Raubs\u00e4uger \u2013 Teil 1 Marderartige, Das Mauswiesel. \u2013 Der Oldenburger Waidmann 12.<\/p>\n<\/li>\n<li>\n<p align=\"justify\">KLEINEKUHLE, J. (2007): Raubs\u00e4uger \u2013 Europ\u00e4ischer Nerz und Mink. \u2013 Waidmann 14: 38-40.<\/p>\n<\/li>\n<li>\n<p align=\"justify\">KLEINEKUHLE, J. (2007): Raubs\u00e4uger \u2013 Das Gro\u00dfe Wiesel oder Hermelin. \u2013 Waidmann 13: 18-19.<\/p>\n<\/li>\n<li>\n<p align=\"justify\">KLEINEKUHLE, J. (2007): Das Otter-Zentrum \u2013 Schutz, Forschung, Naturerlebnis. \u2013 Waidmann 13: 20-21.<\/p>\n<\/li>\n<li>Walter, G. &amp; J. KLEINEKUHLE\u00a0(2008): Die Lands\u00e4uger der Ostfriesischen Inseln (Mammalia) In: NIEDRINGHAUS, R., HAESELER, V., JANIESCH, P. (Hrsg.): Die Flora und Fauna der Ostfriesischen Inseln. \u2013 <span style=\"text-align: justify; font-family: AJensonPro-Regular;\"><span style=\"font-size: xx-small;\">Schr.R. <\/span><\/span>Nationalpark Nieders. Wattenmeer 11: 441-445.<\/li>\n<li style=\"text-align: justify;\">KLEINEKUHLE, J. (2010): Fangjagd &#8211; Bejagung des Raubwildes. &#8211; Waidmann19: 26-28<\/li>\n<li style=\"text-align: justify;\">KLEINEKUHLE, J. (2010): Fangjagd &#8211; Bejagung des Raubwildes. &#8211; Der Wildh\u00fcter: 26-28<\/li>\n<li>Kleinekuhle, Jens &amp; Bach, Lothar &amp; Donning, Axel &amp; Berns, Stefanie (2023). Die freilebenden S\u00e4ugetiere (Mammalia) der Ostfriesischen Inseln unter besonderer Ber\u00fccksichtigung der Insel Norderney, der<br \/>\nRaubs\u00e4uger (Carnivora) und der Flederm\u00e4use (Chiroptera). 48\/1: 1<\/li>\n<\/ul>\n<p align=\"justify\"><strong>C) Fische<\/strong><\/p>\n<ul>\n<li>Horstkotte, J.; Riesch, R.; Plath, M. &amp; J\u00e4ger, P. (2010): Predation on a cavefish (<em>Poecilia<\/em> <em>mexicana<\/em>) by three species of spiders, species (Opistognata: Family), species, (Family) and species (Orthognata: Theraphosidae) in a Mexican sulfur cave. Bulletin of the British Arachnolocical Society 15: 55-58.<\/li>\n<\/ul>\n<ul>\n<li>Horstkotte, J. &amp; Plath, M. (2008): Divergent evolution of feeding behaviour in a phylogenetically young species flock of pupfish (Cyprinodon spp.). Naturwissenschaften 95: 1175-1180<\/li>\n<\/ul>\n<ul>\n<li>Horstkotte, J. &amp; Strecker, U. (2005): Trophic differentiation in the phylogenetically young <em>Cyprinodon <\/em>species flock (Cyprinodontidae, Teleostei) from Laguna Chichancanab (Mexico). Biological Journal of the Linnean Society, London 85: 125-134<\/li>\n<\/ul>\n<ul>\n<li>Horstkotte, J. (2005): Trophische Anpassungen innerhalb des Cyprinodon-Artenschwarmes (Cyprinodontidae, Teleostei) aus der Laguna Chichancanab (Mexiko). Zeitschrift f\u00fcr Fischkunde Supplement 3: 1-92 (Dissertation)<\/li>\n<\/ul>\n<ul>\n<li>KLEINEKUHLE, J. (2008): Steinbei\u00dfer und Schlammpeitzger. \u2013 Waidmann 16: 57.<\/li>\n<\/ul>\n<p align=\"justify\"><strong>d) V\u00f6gel<\/strong><\/p>\n<ul>\n<li>KLEINEKUHLE, J. (2008): Wieviel Kormoran vertr\u00e4gt unser Fisch? \u2013 Waidmann 16: 54-56.<\/li>\n<li>KLEINEKUHLE, J. (2008): Wiesenbodenbr\u00fcterschutz in der Stollhammer Wisch (Butjadingen LK Wesermarsch). \u2013 Waidmann 16: 58-59.<\/li>\n<li>Horstkotte, J.; Schwane, J. &amp; S. Schendekehl (2016): Ein Pazifikseglers Apus pacificus im Mai 2014 auf der Insel Mellum. Seltene V\u00f6gel in Deutschland 2014 Dachverband Deutscher Avifaunisten (im Druck)<\/li>\n<li>Horstkotte, J. (2015) Mellum-Jahresbericht 2014. Der Mellumrat e.V., Varel-Dangast, 265 pp.<\/li>\n<li>Horstkotte, J.; Schwane, J. &amp; B. Gnep (2015): Besondere ornithologische Beobachtungen auf Mellum in den Jahren 2012\u2013 2014 mit einem Erstnachweis des Pazifikseglers in Deutschland. Natur- und Umweltschutz14: 44-45.<\/li>\n<li>Horstkotte, J. (2015) Mellum-Jahresbericht 2013. Der Mellumrat e.V., Varel-Dangast, 249 pp.<\/li>\n<li>Horstkotte, J. (2013) Mellum-Jahresbericht 2012. Der Mellumrat e.V., Varel-Dangast, 247 pp.<\/li>\n<li>KLEINEKUHLE, J. (2019): Beitrag zur Lurchfauna der ostfriesischen Nordseeinsel Borkum &#8211; Amphibienschutz versus G\u00e4nseschutz. &#8211; Drosera 2014 (2019): 43-47.<\/li>\n<\/ul>\n<p align=\"justify\"><strong>e) Heuschrecken<\/strong><\/p>\n<ul>\n<li>Horstkotte, J.; Lorenz, C. &amp; Wendler, A. (1991; 1992; 1993; 1994; 1999; 2003): Heuschrecken. Deutscher Jugendbund f\u00fcr Naturbeobachtung, Hamburg. 9.-14. Auflage. 100 pp.<\/li>\n<\/ul>\n<ul>\n<li>\n<div align=\"justify\">Handke, K., Horstkotte, J. &amp; J. KLEINEKUHLE\u00a0(2011): Neue Funde der Sichelschrecke <em>Phaneroptera falcata<\/em> (Poda, 1761) in Nordwestdeutschland. &#8211; Articulata 26(2): 163-167.<\/div>\n<\/li>\n<\/ul>\n<ul>\n<li>\n<div align=\"justify\">Horstkotte, J. &amp; J. KLEINEKUHLE\u00a0(2011): Neufund der Punktierten Zartschrecke <em>Leptophyes punctatissima<\/em> (Bosc, 1792) (Ensifera: Phaneropteridae) auf den Ostfriesischen Inseln. &#8211; Articulata 26(2): 169-172.<\/div>\n<\/li>\n<li>\n<div align=\"justify\">KLEINEKUHLE, J (2013): Fund der \u00c4gyptischen Knarrschrecke Anacridium aegyptium (Linne\u00b4, 1764) in Nordwestdeutschland. &#8211; Articulata 28(1\/2): 133.<\/div>\n<\/li>\n<li>KLEINEKUHLE, J. (2019): Beitrag zum Vorkommen der\u00a0 Maulwursgrille <em>Gryllotalpa gryllotalpa<\/em> (Insecta: Orthoptera) in Nordwestdeutschland G\u00e4nseschutz. &#8211; Drosera 2014 (2019): 41-42.<\/li>\n<li>Kleinekuhle, J. (2022): in \u201eEin Gl\u00fccksfall\u201c Artenreichtum Moor -Kartierung der vorhandenen Flora und Fauna in den Naturschutzgebieten des Naturpark Moor. \u2013 Emsland Moormuseum: 132pp.<\/li>\n<\/ul>\n<p align=\"justify\"><strong>f) weitere Themen<\/strong><\/p>\n<ul>\n<li>Horstkotte, J. &amp; Otto, L. (2003): Das Naturschutzgebiet Raakmoor. Pp. 39-46 in: Bertram, G. &amp; Schr\u00f6der, H.: Wo lebt die Schnirkelschnecke? Naturkundliche Streifz\u00fcge f\u00fcr Kinder in Hamburg. D\u00f6lling und Galitz Verlag, M\u00fcnchen &#8211; Hamburg<\/li>\n<\/ul>\n<ul>\n<li>Horstkotte, J. (1999): Bibliographie der Naturkundlichen Mitteilungen des DJN, Distrikt Hamburg. Naturkundliche Beitr\u00e4ge des DJN 33: 72-76<\/li>\n<\/ul>\n<ul>\n<li>\u00a0Horstkotte, J. (1992): Insektenbeobachtungen am Neusiedler See. Naturkundliche Beitr\u00e4ge des DJN 26: 56-71<\/li>\n<\/ul>\n<ul>\n<li>Haacks, M.; Horstkotte, J.; Leupold, D.; Wagner, W. &amp; Wellinghausen, W. (1990): Altm\u00fchltal. Kanu-Wanderlager vom 13.07 bis 22.07.1986. Naturkundliche Beitr\u00e4ge des DJN 21: 3-40<\/li>\n<\/ul>\n<ul>\n<li>Horstkotte, J. &amp; Wendler, A. (1985): Neusiedler See 1983. DJN-Sommerlager. Naturkundliche Beitr\u00e4ge des DJN 14: 4-36<\/li>\n<\/ul>\n<ul>\n<li>KLEINEKUHLE, J. (1996): Zoogeographische Analyse der Balearen und Sardokorsiens unter besonderer Ber\u00fccksichtigung der Lepidopteren. &#8211; Unver\u00f6ff. Manuskript, 70pp.<\/li>\n<li>\n<p align=\"justify\">KLEINEKUHLE, J. (2007): Die Insel Norderney \u2013 Jagd als angewandter Arten-, Natur- und Biotopschutz im Nationalpark Wattenmeer. &#8211; Waidmann 13: 22-24.<\/p>\n<\/li>\n<li>\n<p align=\"justify\">KLEINEKUHLE, J. (2007): Biogas, Mais und Sauen. &#8211; Waidmann 14: 4-6.<\/p>\n<\/li>\n<li>KLEINEKUHLE, J. (2008): Zusammenh\u00e4nge zwischen Pr\u00e4dationsdruck, Artenr\u00fcckgang und Niederwildbes\u00e4tzen &#8211; Fuchsbejagung im Ammerland, das \u201eAmmerl\u00e4nder Modell\u201c.- Waidmann 15: 4-8.<\/li>\n<li>KLEINEKUHLE, J. (2008): Wildunf\u00e4lle \u2013 Was tun? \u2013 Waidmann 16: 4-7.<\/li>\n<li>KLEINEKUHLE, J. (2009):\u00a0125 000 Jahre Jagd in Niedersachsen &#8211; welches Ansehen hat die Jagd heute in der \u00d6ffentlichkeit?. &#8211; Waidmann: 4-7.<\/li>\n<li>2006 Mit Greifen jagen. &#8211; Waidmann 12: 8-9.<\/li>\n<li>2009 Leitfaden Gesellschaftsjagd. &#8211; Waidmann: 4-19<\/li>\n<li>M\u00fcller, R. &amp; J. KLEINEKUHLE\u00a0(2003): Wilderei. &#8211; Waidmann 6: 7<\/li>\n<li>u.v.m.<\/li>\n<li>KLEINEKUHLE, J.\u00a0(i.V.): Zum Einfluss von Beutegreifern auf Bodenbr\u00fcter und Niederwild<\/li>\n<li>KLEINEKUHLE, J. (2012): \u00d6kologisch sinnvolle Alternative zum Mais &#8211; Biogas aus Kn\u00f6terich. &#8211; Nieders\u00e4chsischer J\u00e4ger 5 (2012): 24 &#8211; 25.<\/li>\n<li>KLEINEKUHLE, J. (2012): Biogas &#8211; mehrj\u00e4hrige Stauden bieten \u00f6kologisch sinnvolle Alternativen zum Mais. &#8211; Der Wildh\u00fcter &#8211; Mitteilungsblatt der Jagdaufseher 2 (2012): 24 &#8211; 25.<\/li>\n<li>KLEINEKUHLE, J. (2012):\u00a0\u00a0Biogasanlagen &#8211; mehrj\u00e4hrige Stauden bieten \u00f6kologisch sinnvolle Alternativen zum Mais. &#8211; Wildschutz Journal 2 (2012): 10 -11.<\/li>\n<li>KLEINEKUHLE, J. (2019): Beitrag zur Lurchfauna der ostfriesischen Nordseeinsel Borkum &#8211; Amphibienschutz versus G\u00e4nseschutz. &#8211; Drosera 2014 (2019): 43-47.<\/li>\n<li>Horstkotte, J. (2014): Munitionsfunde auf der Insel Mellum im Jahre 2013. Natur- und Umweltschutz 13: 9.<\/li>\n<\/ul>\n<p><strong><span style=\"text-decoration: underline;\">Fernsehbeitr\u00e4ge<\/span><\/strong><\/p>\n<ul>\n<li>Goldafter-Kalamit\u00e4t auf der Nordseeinsel Wangerooge (NDR 1997)<\/li>\n<li>Grip das Motormagazin &#8222;Ein J\u00e4ger aus Niedersachsen&#8220; (RTL II)<\/li>\n<\/ul>\n<ul>\n<li>Kr\u00e4henbejagung (NDR 2010)<\/li>\n<li>Fangjagd &#8222;Der Herr der Fallen&#8220; (NDR 2010)<\/li>\n<li>Naturp\u00e4dagogik (NWZ TV 2013)<\/li>\n<\/ul>\n<p>http:\/\/www.nwzonline.de\/cloppenburg\/bildung\/praxisnahes-lernen-in-der-waldschule_a_8,3,1702018962.html<\/p>\n<ul>\n<li>Marder (Buten un Binnen 3. Mai 2014)<\/li>\n<\/ul>\n<p><a href=\"http:\/\/www.radiobremen.de\/mediathek\/index.html?id=104396\">http:\/\/www.radiobremen.de\/mediathek\/index.html?id=104396<\/a><\/p>\n<ul>\n<li><strong>Gelegeschutz \/ Pr\u00e4datorenmangement:<\/strong><\/li>\n<\/ul>\n<p>https:\/\/www.ndr.de\/fernsehen\/sendungen\/hallo_niedersachsen\/Jaeger-wollen-Kiebitz-vor-Raeubern-schuetzen,hallonds39370.html<\/p>\n<p>https:\/\/www.ardmediathek.de\/tv\/Hallo-Niedersachsen\/Vogelschutz-Fuchs-und-Marder-auf-der-Sp\/NDR-Fernsehen\/Video?bcastId=25231206&#038;documentId=53045828<\/p>\n<p>https:\/\/www.ndr.de\/fernsehen\/sendungen\/hallo_niedersachsen\/Vogelschutz-Fuchs-und-Marder-auf-der-Spur,hallonds44780.html<\/p>\n<p><strong>Vogelschutz: Fuchs und Marder auf der Spur<\/strong><\/p>\n<p>https:\/\/www.butenunbinnen.de\/videos\/bundesjaegertag100.html<\/p>\n<p>Vogelschutz durch Fuchsjagd<\/p>\n<ul>\n<li>Filmteam Papstein (2015): \u201eNaturNah\u00a0 Mellum \u2013 ein Sommer auf der Vogelinsel\u201c Fernsehbeitrag auf NDR 3<\/li>\n<\/ul>\n<p><a href=\"http:\/\/www.ndr.de\/fernsehen\/epg\/import\/NaturNah-Mellum-ein-Sommer-auf-der-Vogelinsel,sendung336912.html\">http:\/\/www.ndr.de\/fernsehen\/epg\/import\/NaturNah-Mellum-ein-Sommer-auf-der-Vogelinsel,sendung336912.html<\/a><\/p>\n<p>NDR Beitrag &#8222;Steinmarder&#8220;, Hallo Niedersachsen v. 19.07.2023,<\/p>\n<p>NDR Beitrag DAS Kr\u00e4henvergr\u00e4mung 06.02.2023,<\/p>\n<p>NDR Beitrag &#8222;Seltene Arten br\u00fcten auf der Vogelinsel Strohauser Plate&#8220;, Hallo Niedersachsen vom 11.05.2022<\/p>\n<p><span style=\"text-decoration: underline;\"><strong>Fachvortr\u00e4ge und weitere T\u00e4tigkeiten<\/strong><\/span><\/p>\n<ul>\n<li>\u00a0Zum Einfluss von Beutegreifern auf Bodenbr\u00fcter und Niederwild<\/li>\n<li>\u00a0Zecken und Fuchsbandwurm<\/li>\n<li>\u00a0seit 2001 vornehmlich in der Weiterbildung und Methodik des Tierfangs t\u00e4tig<\/li>\n<li>\u00a0Mardervergr\u00e4mung- und Beratung in Hausbereich, Lenkung von Wildtieren im urbanen Bereich<\/li>\n<li>\u00a0Heranf\u00fchren von Kindern an die Natur und \u00d6kologie mit mobilen Schulungseinrichtungen auf \u00f6ffentlichen Veranstaltungen und Vereinsfesten<\/li>\n<li>Organisation Niederwildjagd, Leitfaden Gesellschaftsjagd<\/li>\n<li>Baum- und Steinmarder<\/li>\n<li>Amphibien und Libellen<\/li>\n<li>Fangjagd &#8211; Fallenjagd<\/li>\n<\/ul>\n<p><span style=\"font-size: small;\"><strong>2. Kartierungen und Forschungen <\/strong><\/span><\/p>\n<p><span style=\"font-size: small;\">(Kartierungen und Fachgutachten sind im Hinblick der Vertraulichkeit gegen\u00fcber den Auftraggebern nur in Ausnahmef\u00e4llen genannt)<strong><br \/>\n<\/strong><\/span><\/p>\n<ul>\n<li>\n<p align=\"justify\">Kleinekuhle, J. (1993-1998): Die Gro\u00dfschmetterlingsfauna (Macrolepidoptera) einer intensiv genutzten Agrarlandschaft im Emsland (s\u00fcdwestliches Niedersachsen) &#8211; im Rahmen des Entwicklungs- u. Erprobungsprojektes Renaturierung von Feuchtgebieten.<\/p>\n<\/li>\n<li>\n<p align=\"justify\">Kleinekuhle, J. (1993-1995): Macrolepidopterenerfassung auf den Mittelmeerinseln Sardinien und Mallorca.<\/p>\n<\/li>\n<li>\n<p align=\"justify\">Kleinekuhle, J. (1995): Aufbau der Schmetterlingssammlung der Universit\u00e4t Oldenburg.<\/p>\n<\/li>\n<li>\n<p align=\"justify\">Kleinekuhle, J. (1995): Zur Macrolepidopterenfauna der Nordseeinsel Borkum (Lepidoptera). Drosera 95 (2): 109-126.<\/p>\n<\/li>\n<li>\n<p align=\"justify\">Kleinekuhle, J. (1997): Tagfalterkartierung auf dem Friedhof Hamburg Ohlsdorf, Ma\u00dfnahmen, Schutz, Planung und Umsetzung. &#8211; i. A. des Friedhofs Ohlsdorf.<\/p>\n<\/li>\n<li>\n<p align=\"justify\">AG BFFW (1997-1998): Stechimmenkartierung und botanische Bestandsaufnahme auf dem Friedhof Hamburg Ohlsdorf, Ma\u00dfnahmen, Schutz, Planung und Umsetzung. &#8211; i. A. des Friedhofs Ohlsdorf.<\/p>\n<\/li>\n<li>\n<p align=\"justify\">Kleinekuhle, J. (1997): Erforschung der Lebensweise des Goldafters (<em>Euproctis chrysorrhoea<\/em> L.) und Ma\u00dfnahmen zu seiner Bek\u00e4mpfung im Rahmen einer Gradation auf der Nordseeinsel Wangerooge. &#8211; I. A. der Gemeinde Wangerooge.<\/p>\n<\/li>\n<li>\n<p align=\"justify\">Kleinekuhle, J. (1997): Entwicklung von Methoden zur Verhinderung der Abwanderung von Heimchen (<em>Achaeta domestica<\/em> L.) in den Siedlungsbereich. &#8211; i. A. des Amtes f\u00fcr Abfallwirtschaft der Stadt Oldenburg.<\/p>\n<\/li>\n<\/ul>\n<p><strong>\u00a0 <span style=\"font-size: small;\">3. Ehrenamtliche T\u00e4tigkeiten in der Biologie<\/span><\/strong><\/p>\n<ul>\n<li>\n<p align=\"justify\">Kleinekuhle, J. (1992-2011): Mitarbeit im Tierartenerfassungsprogramm des Nieders\u00e4chsischen Landesamtes f\u00fcr \u00d6kologie (Wirbeltiere und Wirbellose)<\/p>\n<\/li>\n<li>\n<p align=\"justify\">Kleinekuhle, J. (1993-1995): Macrolepidopterenerfassung auf den Mittelmeerinseln Sardinien und Mallorca.<\/p>\n<\/li>\n<li>Kleinekuhle, J. (1993-1997): Heterocerenerfassung in einer intensiv genutzten Agrarlandschaft im Emsland (s\u00fcdwestliches Niedersachsen) &#8211; im Rahmen des Entwicklungs- u. Erprobungsprojektes Renaturierung von Feuchtgebieten.<\/li>\n<li>Kleinekuhle, J. (1995-1997): Mitarbeit bei der deutschen Forschungszentrale f\u00fcr Schmetterlingswanderungen.<\/li>\n<li>Kleinekuhle, J. (1997): Kartierung der Gro\u00dfschmetterlingsfauna der Nordseeinsel Wangerooge (Macrolepidoptera).<\/li>\n<li>Kleinekuhle, J. (1997): Mitarbeit im Projekt Mapping European Butterflies (MEB), Verbreitungsatlas der Tagfalter Europas unter Leitung von Dr. Otakar Kudrna.<\/li>\n<li>Kleinekuhle, J. (1997): Beitrag zur Tagfalterfauna der Rh\u00f6n. Auswertung von Farbschalenf\u00e4ngen. etc.<\/li>\n<\/ul>\n<ul>\n<li>Arbeitsgruppe Terrestrische \u00d6kologie der Universit\u00e4t Oldenburg<\/li>\n<li>Mitglied der Gesellschaft zur F\u00f6rderung der Erforschung von Schmetterlingswanderungen e.V., M\u00fcnchen<\/li>\n<li>Mitglied des Vereins zur F\u00f6rderung naturkundlicher Untersuchungen in Nordwestdeutschland (Drosera) e.V., Oldenburg<\/li>\n<li>Mitglied des Entomologischen Vereins Apollo e.V., Frankfurt am Main<\/li>\n<li>10 Jahre T\u00e4tigkeit als Landesbildungsreferent des VJN e.V.<\/li>\n<li>Referent f\u00fcr Naturp\u00e4dagogik im DWV -anerkannter Naturschutzverband<\/li>\n<li>u. v. m.<\/li>\n<\/ul>\n","protected":false},"excerpt":{"rendered":"<p>T\u00e4tigkeiten im biologischen Bereich 1. Fachver\u00f6ffentlichungen und unver\u00f6ffentlichte Manuskripte \u00a0a) Tag- Nachtfalter KLEINEKUHLE, J. (1995): Zur Indigenit\u00e4t und Ausbreitung des afrikanischen Bl\u00e4ulings Cacyreus marshalli Butler, 1898 in S\u00fcdeuropa (Lep. Lycaenidae). &#8211; Atalanta, 26: 209-214. KLEINEKUHLE, J. (1995): Zur Macrolepidopterenfauna der &hellip; <a href=\"https:\/\/biologisches-institut-oldenburg.de\/?page_id=9\">Weiterlesen <span class=\"meta-nav\">&rarr;<\/span><\/a><\/p>\n","protected":false},"author":1,"featured_media":0,"parent":0,"menu_order":4,"comment_status":"closed","ping_status":"closed","template":"","meta":{"footnotes":""},"_links":{"self":[{"href":"https:\/\/biologisches-institut-oldenburg.de\/index.php?rest_route=\/wp\/v2\/pages\/9"}],"collection":[{"href":"https:\/\/biologisches-institut-oldenburg.de\/index.php?rest_route=\/wp\/v2\/pages"}],"about":[{"href":"https:\/\/biologisches-institut-oldenburg.de\/index.php?rest_route=\/wp\/v2\/types\/page"}],"author":[{"embeddable":true,"href":"https:\/\/biologisches-institut-oldenburg.de\/index.php?rest_route=\/wp\/v2\/users\/1"}],"replies":[{"embeddable":true,"href":"https:\/\/biologisches-institut-oldenburg.de\/index.php?rest_route=%2Fwp%2Fv2%2Fcomments&post=9"}],"version-history":[{"count":56,"href":"https:\/\/biologisches-institut-oldenburg.de\/index.php?rest_route=\/wp\/v2\/pages\/9\/revisions"}],"predecessor-version":[{"id":919,"href":"https:\/\/biologisches-institut-oldenburg.de\/index.php?rest_route=\/wp\/v2\/pages\/9\/revisions\/919"}],"wp:attachment":[{"href":"https:\/\/biologisches-institut-oldenburg.de\/index.php?rest_route=%2Fwp%2Fv2%2Fmedia&parent=9"}],"curies":[{"name":"wp","href":"https:\/\/api.w.org\/{rel}","templated":true}]}}