{"id":83,"date":"2011-09-12T06:54:33","date_gmt":"2011-09-12T06:54:33","guid":{"rendered":"http:\/\/biologisches-institut-oldenburg.de\/wordpress\/?page_id=83"},"modified":"2016-04-26T20:31:29","modified_gmt":"2016-04-26T20:31:29","slug":"reptilien","status":"publish","type":"page","link":"https:\/\/biologisches-institut-oldenburg.de\/?page_id=83","title":{"rendered":"Amphibien"},"content":{"rendered":"<p><a href=\"http:\/\/biologisches-institut-oldenburg.de\/wp-content\/uploads\/2011\/09\/Windelkampsweg31.05.08_006.jpg\"><img loading=\"lazy\" decoding=\"async\" class=\"alignleft size-medium wp-image-109\" src=\"http:\/\/biologisches-institut-oldenburg.de\/wp-content\/uploads\/2011\/09\/Windelkampsweg31.05.08_006-300x183.jpg\" alt=\"\" width=\"300\" height=\"183\" srcset=\"https:\/\/biologisches-institut-oldenburg.de\/wp-content\/uploads\/2011\/09\/Windelkampsweg31.05.08_006-300x183.jpg 300w, https:\/\/biologisches-institut-oldenburg.de\/wp-content\/uploads\/2011\/09\/Windelkampsweg31.05.08_006.jpg 800w\" sizes=\"(max-width: 300px) 100vw, 300px\" \/><\/a><\/p>\n<p>&nbsp;<\/p>\n<p>Schlammpeitzger<\/p>\n<p>Beifang beim Keschern<\/p>\n<p>&nbsp;<\/p>\n<p>&nbsp;<\/p>\n<p>&nbsp;<\/p>\n<p><span style=\"text-decoration: underline;\"><strong>Seminare<\/strong><\/span><\/p>\n<p>Amphibien, Libellen und Gew\u00e4sservegetation &#8211; 14.\/15. Mai 2016<\/p>\n<p>Dr. Albrecht Gerlach &amp; Jens Kleinekuhle<\/p>\n<p><a href=\"https:\/\/3c.web.de\/mail\/client\/dereferrer?redirectUrl=http%3A%2F%2Fniedersachsen.nabu.de%2Fnaturerleben%2Fgutsunder%2F08387.html\" target=\"_blank\">http:\/\/niedersachsen.nabu.de\/naturerleben\/gutsunder\/08387.html<\/a><\/p>\n<p>Schmetterlinge &#8211; Tag- u. Nachtfalter &#8211; 01.-03. Juli 2016<\/p>\n<p>&nbsp;<\/p>\n<p>Die \u00d6kologie der meisten Amphibienarten ist im Gegensatz zu vielen anderen Tierarten relativ gut bekannt (vgl. Veith 1992). Auch aus Niedersachsen liegen umfangreiche Untersuchungen zu einzelnen Arten vor. Da Amphibien in der Regel zwischen unterschiedlichen Lebensr\u00e4umen regelm\u00e4\u00dfige, saisonale Wanderungen durchf\u00fchren, sind sie gut geeignet f\u00fcr die Verdeutlichung funktionaler Beziehungen zwischen einzelnen Lebensr\u00e4umen. Dar\u00fcber hinaus besitzen gerade die sten\u00f6ken Arten hohe Anspr\u00fcche an die strukturelle Auspr\u00e4gung eines Lebensraumes, so dass sie als Zeiger hierf\u00fcr herangezogen werden k\u00f6nnen (vgl. Brinkmann 1998).<\/p>\n<p>&nbsp;<\/p>\n<p>Die Amphibien sind als Amphibia spp. nach BArtSchV besonders gesch\u00fctzt. Durch das BNatSchG und der Zugeh\u00f6rigkeit zum Anhang IV der FFH-RL ist f\u00fcr einzelne Arten (z. B. Moorfrosch) zus\u00e4tzlich der strenge Schutz gegeben.<\/p>\n<p>&nbsp;<\/p>\n<p><a href=\"http:\/\/biologisches-institut-oldenburg.de\/wp-content\/uploads\/2011\/09\/KartierungKlosterMuhde_004.jpg\"><img loading=\"lazy\" decoding=\"async\" class=\"size-medium wp-image-121 aligncenter\" src=\"http:\/\/biologisches-institut-oldenburg.de\/wp-content\/uploads\/2011\/09\/KartierungKlosterMuhde_004-300x208.jpg\" alt=\"\" width=\"300\" height=\"208\" srcset=\"https:\/\/biologisches-institut-oldenburg.de\/wp-content\/uploads\/2011\/09\/KartierungKlosterMuhde_004-300x208.jpg 300w, https:\/\/biologisches-institut-oldenburg.de\/wp-content\/uploads\/2011\/09\/KartierungKlosterMuhde_004.jpg 800w\" sizes=\"(max-width: 300px) 100vw, 300px\" \/><\/a><\/p>\n<p style=\"text-align: center;\">Teichmolch (<em>Triturus vulgaris<\/em>)<\/p>\n<p>&nbsp;<\/p>\n<p>&nbsp;<\/p>\n<div id=\"attachment_476\" style=\"width: 510px\" class=\"wp-caption alignright\"><a href=\"http:\/\/biologisches-institut-oldenburg.de\/wp-content\/uploads\/2011\/09\/Triturus-vulgaris-M\u00e4nnchen-in-Laichtracht.jpg\"><img loading=\"lazy\" decoding=\"async\" aria-describedby=\"caption-attachment-476\" class=\"size-full wp-image-476\" title=\"Triturus vulgaris (M\u00e4nnchen in Laichtracht)\" src=\"http:\/\/biologisches-institut-oldenburg.de\/wp-content\/uploads\/2011\/09\/Triturus-vulgaris-M\u00e4nnchen-in-Laichtracht.jpg\" alt=\"\" width=\"500\" height=\"375\" srcset=\"https:\/\/biologisches-institut-oldenburg.de\/wp-content\/uploads\/2011\/09\/Triturus-vulgaris-M\u00e4nnchen-in-Laichtracht.jpg 500w, https:\/\/biologisches-institut-oldenburg.de\/wp-content\/uploads\/2011\/09\/Triturus-vulgaris-M\u00e4nnchen-in-Laichtracht-300x225.jpg 300w\" sizes=\"(max-width: 500px) 100vw, 500px\" \/><\/a><p id=\"caption-attachment-476\" class=\"wp-caption-text\">Triturus vulgaris (M\u00e4nnchen in Laichtracht)<\/p><\/div>\n<p>&nbsp;<\/p>\n<p>&nbsp;<\/p>\n<p><a href=\"http:\/\/biologisches-institut-oldenburg.de\/wp-content\/uploads\/2011\/09\/Baltrum09.07.11_0068_15.jpg\"><img loading=\"lazy\" decoding=\"async\" class=\"alignnone size-medium wp-image-111\" title=\"Baltrum09.07.11_0068_(15)\" src=\"http:\/\/biologisches-institut-oldenburg.de\/wp-content\/uploads\/2011\/09\/Baltrum09.07.11_0068_15-300x285.jpg\" alt=\"\" width=\"300\" height=\"285\" srcset=\"https:\/\/biologisches-institut-oldenburg.de\/wp-content\/uploads\/2011\/09\/Baltrum09.07.11_0068_15-300x285.jpg 300w, https:\/\/biologisches-institut-oldenburg.de\/wp-content\/uploads\/2011\/09\/Baltrum09.07.11_0068_15.jpg 800w\" sizes=\"(max-width: 300px) 100vw, 300px\" \/><\/a><\/p>\n<p>Grasfrosch (<em>Rana temporaria<\/em>) &#8211; (Baltrum 2011)<\/p>\n<p>&nbsp;<\/p>\n<p>&nbsp;<\/p>\n<p>&nbsp;<\/p>\n<p><a href=\"http:\/\/biologisches-institut-oldenburg.de\/wp-content\/uploads\/2011\/09\/Bibijuli11_057.jpg\"><img loading=\"lazy\" decoding=\"async\" class=\"size-medium wp-image-112 aligncenter\" src=\"http:\/\/biologisches-institut-oldenburg.de\/wp-content\/uploads\/2011\/09\/Bibijuli11_057-300x262.jpg\" alt=\"\" width=\"300\" height=\"262\" srcset=\"https:\/\/biologisches-institut-oldenburg.de\/wp-content\/uploads\/2011\/09\/Bibijuli11_057-300x262.jpg 300w, https:\/\/biologisches-institut-oldenburg.de\/wp-content\/uploads\/2011\/09\/Bibijuli11_057.jpg 800w\" sizes=\"(max-width: 300px) 100vw, 300px\" \/><\/a><\/p>\n<p style=\"text-align: center;\">Teichfrosch (<em>Rana<\/em> kl. <em>esculenta<\/em>)<\/p>\n<p>&nbsp;<\/p>\n<div id=\"attachment_554\" style=\"width: 650px\" class=\"wp-caption aligncenter\"><a href=\"http:\/\/biologisches-institut-oldenburg.de\/wp-content\/uploads\/2011\/09\/Seefroschlarve.jpg\"><img loading=\"lazy\" decoding=\"async\" aria-describedby=\"caption-attachment-554\" class=\"size-full wp-image-554\" title=\"Seefroschlarve\" src=\"http:\/\/biologisches-institut-oldenburg.de\/wp-content\/uploads\/2011\/09\/Seefroschlarve.jpg\" alt=\"\" width=\"640\" height=\"480\" srcset=\"https:\/\/biologisches-institut-oldenburg.de\/wp-content\/uploads\/2011\/09\/Seefroschlarve.jpg 640w, https:\/\/biologisches-institut-oldenburg.de\/wp-content\/uploads\/2011\/09\/Seefroschlarve-300x225.jpg 300w\" sizes=\"(max-width: 640px) 100vw, 640px\" \/><\/a><p id=\"caption-attachment-554\" class=\"wp-caption-text\">Seefroschlarve kurz vor der Metamorphose<\/p><\/div>\n<p>&nbsp;<\/p>\n<p>&nbsp;<\/p>\n<div id=\"attachment_556\" style=\"width: 310px\" class=\"wp-caption aligncenter\"><a href=\"http:\/\/biologisches-institut-oldenburg.de\/wp-content\/uploads\/2011\/09\/Seefrosch.jpg\"><img loading=\"lazy\" decoding=\"async\" aria-describedby=\"caption-attachment-556\" class=\"size-medium wp-image-556\" title=\"Seefrosch\" src=\"http:\/\/biologisches-institut-oldenburg.de\/wp-content\/uploads\/2011\/09\/Seefrosch-300x225.jpg\" alt=\"Die Beinanlagen sind bereits ausgebildet, die Wandlung zum juvenilen Seefrosch fast vollzogen\" width=\"300\" height=\"225\" srcset=\"https:\/\/biologisches-institut-oldenburg.de\/wp-content\/uploads\/2011\/09\/Seefrosch-300x225.jpg 300w, https:\/\/biologisches-institut-oldenburg.de\/wp-content\/uploads\/2011\/09\/Seefrosch.jpg 640w\" sizes=\"(max-width: 300px) 100vw, 300px\" \/><\/a><p id=\"caption-attachment-556\" class=\"wp-caption-text\">Die Beinanlagen sind bereits ausgebildet, die Wandlung zum juvenilen Seefrosch fast vollzogen<\/p><\/div>\n<p>&nbsp;<\/p>\n<div id=\"attachment_557\" style=\"width: 310px\" class=\"wp-caption aligncenter\"><a href=\"http:\/\/biologisches-institut-oldenburg.de\/wp-content\/uploads\/2011\/09\/adulter-Seefrosch.jpg\"><img loading=\"lazy\" decoding=\"async\" aria-describedby=\"caption-attachment-557\" class=\"size-medium wp-image-557\" title=\"adulter Seefrosch\" src=\"http:\/\/biologisches-institut-oldenburg.de\/wp-content\/uploads\/2011\/09\/adulter-Seefrosch-300x225.jpg\" alt=\"\" width=\"300\" height=\"225\" srcset=\"https:\/\/biologisches-institut-oldenburg.de\/wp-content\/uploads\/2011\/09\/adulter-Seefrosch-300x225.jpg 300w, https:\/\/biologisches-institut-oldenburg.de\/wp-content\/uploads\/2011\/09\/adulter-Seefrosch.jpg 640w\" sizes=\"(max-width: 300px) 100vw, 300px\" \/><\/a><p id=\"caption-attachment-557\" class=\"wp-caption-text\">adulter Seefrosch<\/p><\/div>\n<p>&nbsp;<\/p>\n<p><a href=\"http:\/\/biologisches-institut-oldenburg.de\/wp-content\/uploads\/2011\/09\/Erdkr%C3%B6te07_008.jpg\"><img loading=\"lazy\" decoding=\"async\" class=\"alignnone size-medium wp-image-114\" src=\"http:\/\/biologisches-institut-oldenburg.de\/wp-content\/uploads\/2011\/09\/Erdkr%C3%B6te07_008-300x291.jpg\" alt=\"\" width=\"300\" height=\"291\" \/><\/a><\/p>\n<p>Erdkr\u00f6te (<em>Bufo bufo<\/em>)<\/p>\n<p>&nbsp;<\/p>\n<p><a href=\"http:\/\/biologisches-institut-oldenburg.de\/wp-content\/uploads\/2011\/09\/P1010017.jpg\"><img loading=\"lazy\" decoding=\"async\" class=\"size-medium wp-image-147 aligncenter\" src=\"http:\/\/biologisches-institut-oldenburg.de\/wp-content\/uploads\/2011\/09\/P1010017-300x194.jpg\" alt=\"Moorfrosch\" width=\"300\" height=\"194\" srcset=\"https:\/\/biologisches-institut-oldenburg.de\/wp-content\/uploads\/2011\/09\/P1010017-300x194.jpg 300w, https:\/\/biologisches-institut-oldenburg.de\/wp-content\/uploads\/2011\/09\/P1010017.jpg 800w\" sizes=\"(max-width: 300px) 100vw, 300px\" \/><\/a><\/p>\n<p style=\"text-align: center;\">Moorfrosch (<em>Rana arvalis<\/em>) in Laichtracht<\/p>\n<p><a href=\"http:\/\/biologisches-institut-oldenburg.de\/wp-content\/uploads\/2011\/09\/P1010019.jpg\"><img loading=\"lazy\" decoding=\"async\" class=\"size-medium wp-image-148 aligncenter\" src=\"http:\/\/biologisches-institut-oldenburg.de\/wp-content\/uploads\/2011\/09\/P1010019-300x255.jpg\" alt=\"Moorfrosch\" width=\"300\" height=\"255\" srcset=\"https:\/\/biologisches-institut-oldenburg.de\/wp-content\/uploads\/2011\/09\/P1010019-300x255.jpg 300w, https:\/\/biologisches-institut-oldenburg.de\/wp-content\/uploads\/2011\/09\/P1010019.jpg 800w\" sizes=\"(max-width: 300px) 100vw, 300px\" \/><\/a><\/p>\n<p>&nbsp;<\/p>\n<p>&nbsp;<\/p>\n<p>&nbsp;<\/p>\n<p>&nbsp;<\/p>\n<p>&nbsp;<\/p>\n<div id=\"attachment_607\" style=\"width: 650px\" class=\"wp-caption alignleft\"><a href=\"http:\/\/biologisches-institut-oldenburg.de\/wp-content\/uploads\/2011\/09\/Moorfrosch-in-Laichtracht2.jpg\"><img loading=\"lazy\" decoding=\"async\" aria-describedby=\"caption-attachment-607\" class=\"size-full wp-image-607\" title=\"Moorfrosch in Laichtracht\" src=\"http:\/\/biologisches-institut-oldenburg.de\/wp-content\/uploads\/2011\/09\/Moorfrosch-in-Laichtracht2.jpg\" alt=\"Moorfrosch in Laichtracht (B.I.O)\" width=\"640\" height=\"480\" srcset=\"https:\/\/biologisches-institut-oldenburg.de\/wp-content\/uploads\/2011\/09\/Moorfrosch-in-Laichtracht2.jpg 640w, https:\/\/biologisches-institut-oldenburg.de\/wp-content\/uploads\/2011\/09\/Moorfrosch-in-Laichtracht2-300x225.jpg 300w\" sizes=\"(max-width: 640px) 100vw, 640px\" \/><\/a><p id=\"caption-attachment-607\" class=\"wp-caption-text\">Moorfrosch in Laichtracht<\/p><\/div>\n<p>&nbsp;<\/p>\n<p>&nbsp;<\/p>\n<div id=\"attachment_475\" style=\"width: 510px\" class=\"wp-caption aligncenter\"><a href=\"http:\/\/biologisches-institut-oldenburg.de\/wp-content\/uploads\/2011\/09\/Triturus-helveticus-Fadenmolch.jpg\"><img loading=\"lazy\" decoding=\"async\" aria-describedby=\"caption-attachment-475\" class=\"size-full wp-image-475\" title=\"Triturus helveticus (Fadenmolch)\" src=\"http:\/\/biologisches-institut-oldenburg.de\/wp-content\/uploads\/2011\/09\/Triturus-helveticus-Fadenmolch.jpg\" alt=\"\" width=\"500\" height=\"375\" srcset=\"https:\/\/biologisches-institut-oldenburg.de\/wp-content\/uploads\/2011\/09\/Triturus-helveticus-Fadenmolch.jpg 500w, https:\/\/biologisches-institut-oldenburg.de\/wp-content\/uploads\/2011\/09\/Triturus-helveticus-Fadenmolch-300x225.jpg 300w\" sizes=\"(max-width: 500px) 100vw, 500px\" \/><\/a><p id=\"caption-attachment-475\" class=\"wp-caption-text\">Fadenmolch<\/p><\/div>\n<p>&nbsp;<\/p>\n<p>&nbsp;<\/p>\n<p>&nbsp;<\/p>\n<p>&nbsp;<\/p>\n<p>&nbsp;<\/p>\n<div id=\"attachment_473\" style=\"width: 510px\" class=\"wp-caption alignright\"><a href=\"http:\/\/biologisches-institut-oldenburg.de\/wp-content\/uploads\/2011\/09\/Triturus-alpestris-Bergmolch.jpg\"><img loading=\"lazy\" decoding=\"async\" aria-describedby=\"caption-attachment-473\" class=\"size-full wp-image-473\" title=\"Triturus alpestris (Bergmolch)\" src=\"http:\/\/biologisches-institut-oldenburg.de\/wp-content\/uploads\/2011\/09\/Triturus-alpestris-Bergmolch.jpg\" alt=\"\" width=\"500\" height=\"375\" srcset=\"https:\/\/biologisches-institut-oldenburg.de\/wp-content\/uploads\/2011\/09\/Triturus-alpestris-Bergmolch.jpg 500w, https:\/\/biologisches-institut-oldenburg.de\/wp-content\/uploads\/2011\/09\/Triturus-alpestris-Bergmolch-300x225.jpg 300w\" sizes=\"(max-width: 500px) 100vw, 500px\" \/><\/a><p id=\"caption-attachment-473\" class=\"wp-caption-text\">der Bergmolch<\/p><\/div>\n","protected":false},"excerpt":{"rendered":"<p>&nbsp; Schlammpeitzger Beifang beim Keschern &nbsp; &nbsp; &nbsp; Seminare Amphibien, Libellen und Gew\u00e4sservegetation &#8211; 14.\/15. Mai 2016 Dr. Albrecht Gerlach &amp; Jens Kleinekuhle http:\/\/niedersachsen.nabu.de\/naturerleben\/gutsunder\/08387.html Schmetterlinge &#8211; Tag- u. Nachtfalter &#8211; 01.-03. Juli 2016 &nbsp; Die \u00d6kologie der meisten Amphibienarten ist &hellip; <a href=\"https:\/\/biologisches-institut-oldenburg.de\/?page_id=83\">Weiterlesen <span class=\"meta-nav\">&rarr;<\/span><\/a><\/p>\n","protected":false},"author":1,"featured_media":0,"parent":2,"menu_order":4,"comment_status":"closed","ping_status":"closed","template":"","meta":{"footnotes":""},"_links":{"self":[{"href":"https:\/\/biologisches-institut-oldenburg.de\/index.php?rest_route=\/wp\/v2\/pages\/83"}],"collection":[{"href":"https:\/\/biologisches-institut-oldenburg.de\/index.php?rest_route=\/wp\/v2\/pages"}],"about":[{"href":"https:\/\/biologisches-institut-oldenburg.de\/index.php?rest_route=\/wp\/v2\/types\/page"}],"author":[{"embeddable":true,"href":"https:\/\/biologisches-institut-oldenburg.de\/index.php?rest_route=\/wp\/v2\/users\/1"}],"replies":[{"embeddable":true,"href":"https:\/\/biologisches-institut-oldenburg.de\/index.php?rest_route=%2Fwp%2Fv2%2Fcomments&post=83"}],"version-history":[{"count":33,"href":"https:\/\/biologisches-institut-oldenburg.de\/index.php?rest_route=\/wp\/v2\/pages\/83\/revisions"}],"predecessor-version":[{"id":794,"href":"https:\/\/biologisches-institut-oldenburg.de\/index.php?rest_route=\/wp\/v2\/pages\/83\/revisions\/794"}],"up":[{"embeddable":true,"href":"https:\/\/biologisches-institut-oldenburg.de\/index.php?rest_route=\/wp\/v2\/pages\/2"}],"wp:attachment":[{"href":"https:\/\/biologisches-institut-oldenburg.de\/index.php?rest_route=%2Fwp%2Fv2%2Fmedia&parent=83"}],"curies":[{"name":"wp","href":"https:\/\/api.w.org\/{rel}","templated":true}]}}