{"id":80,"date":"2011-09-12T06:54:08","date_gmt":"2011-09-12T06:54:08","guid":{"rendered":"http:\/\/biologisches-institut-oldenburg.de\/wordpress\/?page_id=80"},"modified":"2012-02-28T19:33:39","modified_gmt":"2012-02-28T19:33:39","slug":"amphibien","status":"publish","type":"page","link":"https:\/\/biologisches-institut-oldenburg.de\/?page_id=80","title":{"rendered":"Reptilien"},"content":{"rendered":"<p><strong>Reptilien<\/strong><\/p>\n<p>Die wesentlichen Aspekte der \u00d6kologie unserer heimischen Reptilienarten sind im Gegensatz zu vielen anderen Tierarten relativ gut bekannt (vgl. Brinkmann 1998). Auch aus Niedersachsen liegen umfangreiche Untersuchungen zu einzelnen Arten vor. Da Reptilien Biotopkomplexbewohner sind, sind sie gut geeignet f\u00fcr die Verdeutlichung funktionaler Beziehungen zwischen einzelnen Lebensr\u00e4umen. Dar\u00fcber hinaus besitzen gerade die sten\u00f6ken Arten hohe Anspr\u00fcche an die strukturelle Auspr\u00e4gung eines Lebensraumes, so dass sie als Zeiger hierf\u00fcr herangezogen werden k\u00f6nnen (vgl. Brinkmann 1998).<\/p>\n<p>Die Reptilien sind\u00a0 nach der \u00a0BArtSchV besonders gesch\u00fctzt. Durch das BNatSchG und der Zugeh\u00f6rigkeit zum Anhang IV der FFH-RL ist f\u00fcr einzelne Arten zus\u00e4tzlich der strenge Schutz gegeben.<\/p>\n<p>&nbsp;<\/p>\n<p><a href=\"http:\/\/biologisches-institut-oldenburg.de\/wp-content\/uploads\/2011\/09\/P1010026Blindsehrklein.jpg\"><img loading=\"lazy\" decoding=\"async\" class=\"alignnone size-medium wp-image-194\" title=\"Blindschleiche\" src=\"http:\/\/biologisches-institut-oldenburg.de\/wp-content\/uploads\/2011\/09\/P1010026Blindsehrklein-300x225.jpg\" alt=\"\" width=\"406\" height=\"287\" \/><\/a><\/p>\n<p>Blindschleiche<\/p>\n<p>&nbsp;<\/p>\n<p><a href=\"http:\/\/biologisches-institut-oldenburg.de\/wp-content\/uploads\/2011\/09\/Driftsethesehrklein21.08.09-019.jpg\"><img loading=\"lazy\" decoding=\"async\" class=\"alignnone size-medium wp-image-196\" title=\"Ringelnatter\" src=\"http:\/\/biologisches-institut-oldenburg.de\/wp-content\/uploads\/2011\/09\/Driftsethesehrklein21.08.09-019-300x225.jpg\" alt=\"\" width=\"399\" height=\"296\" \/><\/a><\/p>\n<p>Junge Ringelnatter<\/p>\n<p>&nbsp;<\/p>\n","protected":false},"excerpt":{"rendered":"<p>Reptilien Die wesentlichen Aspekte der \u00d6kologie unserer heimischen Reptilienarten sind im Gegensatz zu vielen anderen Tierarten relativ gut bekannt (vgl. Brinkmann 1998). Auch aus Niedersachsen liegen umfangreiche Untersuchungen zu einzelnen Arten vor. Da Reptilien Biotopkomplexbewohner sind, sind sie gut geeignet &hellip; <a href=\"https:\/\/biologisches-institut-oldenburg.de\/?page_id=80\">Weiterlesen <span class=\"meta-nav\">&rarr;<\/span><\/a><\/p>\n","protected":false},"author":1,"featured_media":0,"parent":2,"menu_order":5,"comment_status":"closed","ping_status":"closed","template":"","meta":{"footnotes":""},"_links":{"self":[{"href":"https:\/\/biologisches-institut-oldenburg.de\/index.php?rest_route=\/wp\/v2\/pages\/80"}],"collection":[{"href":"https:\/\/biologisches-institut-oldenburg.de\/index.php?rest_route=\/wp\/v2\/pages"}],"about":[{"href":"https:\/\/biologisches-institut-oldenburg.de\/index.php?rest_route=\/wp\/v2\/types\/page"}],"author":[{"embeddable":true,"href":"https:\/\/biologisches-institut-oldenburg.de\/index.php?rest_route=\/wp\/v2\/users\/1"}],"replies":[{"embeddable":true,"href":"https:\/\/biologisches-institut-oldenburg.de\/index.php?rest_route=%2Fwp%2Fv2%2Fcomments&post=80"}],"version-history":[{"count":16,"href":"https:\/\/biologisches-institut-oldenburg.de\/index.php?rest_route=\/wp\/v2\/pages\/80\/revisions"}],"predecessor-version":[{"id":185,"href":"https:\/\/biologisches-institut-oldenburg.de\/index.php?rest_route=\/wp\/v2\/pages\/80\/revisions\/185"}],"up":[{"embeddable":true,"href":"https:\/\/biologisches-institut-oldenburg.de\/index.php?rest_route=\/wp\/v2\/pages\/2"}],"wp:attachment":[{"href":"https:\/\/biologisches-institut-oldenburg.de\/index.php?rest_route=%2Fwp%2Fv2%2Fmedia&parent=80"}],"curies":[{"name":"wp","href":"https:\/\/api.w.org\/{rel}","templated":true}]}}