{"id":787,"date":"2016-03-13T20:46:06","date_gmt":"2016-03-13T20:46:06","guid":{"rendered":"http:\/\/biologisches-institut-oldenburg.de\/?page_id=787"},"modified":"2023-10-03T19:22:02","modified_gmt":"2023-10-03T19:22:02","slug":"praedatorenmanagement-lenkung-von-wildtieren-im-urbanen-bereich-kraehen-gaense-mardervergraemung-revierberatung","status":"publish","type":"page","link":"https:\/\/biologisches-institut-oldenburg.de\/?page_id=787","title":{"rendered":"Pr\u00e4datorenmanagement, Lenkung von Wildtieren im urbanen Bereich (Kr\u00e4hen-, G\u00e4nse-, \u2013 Mardervergr\u00e4mung), Revierberatung"},"content":{"rendered":"<p>https:\/\/www.ndr.de\/fernsehen\/sendungen\/hallo_niedersachsen\/Jaeger-wollen-Kiebitz-vor-Raeubern-schuetzen,hallonds39370.html<\/p>\n<p>https:\/\/www.butenunbinnen.de\/videos\/bundesjaegertag100.html<\/p>\n<p>https:\/\/www.ardmediathek.de\/tv\/Hallo-Niedersachsen\/Vogelschutz-Fuchs-und-Marder-auf-der-Sp\/NDR-Fernsehen\/Video?bcastId=25231206&#038;documentId=53045828<\/p>\n<ul>\n<li>Marder (Buten un Binnen 3. Mai 2014)<\/li>\n<li><a href=\"http:\/\/www.radiobremen.de\/mediathek\/index.html?id=104396\">http:\/\/www.radiobremen.de\/mediathek\/index.html?id=104396<\/a><\/li>\n<li>Kulturfolger in der Stadt \u2013 auf Mardersuche in Oldenburg, Hallo Niedersachsen<\/li>\n<li>https:\/\/www.ardmediathek.de\/video\/hallo-niedersachsen\/kulturfolger-auf-mardersuche-in-oldenburg\/ndr\/Y3JpZDovL25kci5kZS84ODFjZWEyOS0yNzJkLTQxYWUtOTEzMi04ZDc4ZGVlNjk2OWQ<\/li>\n<\/ul>\n<p>NDR Beitrag \u201eSteinmarder\u201c, Hallo Niedersachsen v. 19.07.2023,<\/p>\n<p>NDR Beitrag DAS Kr\u00e4henvergr\u00e4mung 06.02.2023,<\/p>\n<p>NDR Beitrag \u201eSeltene Arten br\u00fcten auf der Vogelinsel Strohauser Plate\u201c, Hallo Niedersachsen vom 11.05.2022<\/p>\n\n\n<p>Projekte: Pr\u00e4datorenmanagement &#8211; Modul Fangjagd -> Bremer Blockland<\/p>\n\n\n\n<p>Pr\u00e4datorenmanagement und Reviergestaltung: Stollhammer Wisch, Strohauser Plate, Marschen am Jadebusen, Hunteniederung, Norderney<\/p>\n","protected":false},"excerpt":{"rendered":"<p>https:\/\/www.ndr.de\/fernsehen\/sendungen\/hallo_niedersachsen\/Jaeger-wollen-Kiebitz-vor-Raeubern-schuetzen,hallonds39370.html https:\/\/www.butenunbinnen.de\/videos\/bundesjaegertag100.html https:\/\/www.ardmediathek.de\/tv\/Hallo-Niedersachsen\/Vogelschutz-Fuchs-und-Marder-auf-der-Sp\/NDR-Fernsehen\/Video?bcastId=25231206&#038;documentId=53045828 Marder (Buten un Binnen 3. Mai 2014) http:\/\/www.radiobremen.de\/mediathek\/index.html?id=104396 Kulturfolger in der Stadt \u2013 auf Mardersuche in Oldenburg, Hallo Niedersachsen https:\/\/www.ardmediathek.de\/video\/hallo-niedersachsen\/kulturfolger-auf-mardersuche-in-oldenburg\/ndr\/Y3JpZDovL25kci5kZS84ODFjZWEyOS0yNzJkLTQxYWUtOTEzMi04ZDc4ZGVlNjk2OWQ NDR Beitrag \u201eSteinmarder\u201c, Hallo Niedersachsen v. 19.07.2023, NDR Beitrag DAS Kr\u00e4henvergr\u00e4mung 06.02.2023, NDR Beitrag \u201eSeltene Arten br\u00fcten &hellip; <a href=\"https:\/\/biologisches-institut-oldenburg.de\/?page_id=787\">Weiterlesen <span class=\"meta-nav\">&rarr;<\/span><\/a><\/p>\n","protected":false},"author":2,"featured_media":0,"parent":0,"menu_order":0,"comment_status":"closed","ping_status":"closed","template":"","meta":{"footnotes":""},"_links":{"self":[{"href":"https:\/\/biologisches-institut-oldenburg.de\/index.php?rest_route=\/wp\/v2\/pages\/787"}],"collection":[{"href":"https:\/\/biologisches-institut-oldenburg.de\/index.php?rest_route=\/wp\/v2\/pages"}],"about":[{"href":"https:\/\/biologisches-institut-oldenburg.de\/index.php?rest_route=\/wp\/v2\/types\/page"}],"author":[{"embeddable":true,"href":"https:\/\/biologisches-institut-oldenburg.de\/index.php?rest_route=\/wp\/v2\/users\/2"}],"replies":[{"embeddable":true,"href":"https:\/\/biologisches-institut-oldenburg.de\/index.php?rest_route=%2Fwp%2Fv2%2Fcomments&post=787"}],"version-history":[{"count":6,"href":"https:\/\/biologisches-institut-oldenburg.de\/index.php?rest_route=\/wp\/v2\/pages\/787\/revisions"}],"predecessor-version":[{"id":926,"href":"https:\/\/biologisches-institut-oldenburg.de\/index.php?rest_route=\/wp\/v2\/pages\/787\/revisions\/926"}],"wp:attachment":[{"href":"https:\/\/biologisches-institut-oldenburg.de\/index.php?rest_route=%2Fwp%2Fv2%2Fmedia&parent=787"}],"curies":[{"name":"wp","href":"https:\/\/api.w.org\/{rel}","templated":true}]}}