{"id":667,"date":"2013-12-27T18:08:03","date_gmt":"2013-12-27T18:08:03","guid":{"rendered":"http:\/\/biologisches-institut-oldenburg.de\/?page_id=667"},"modified":"2015-01-12T18:36:18","modified_gmt":"2015-01-12T18:36:18","slug":"2013-2","status":"publish","type":"page","link":"https:\/\/biologisches-institut-oldenburg.de\/?page_id=667","title":{"rendered":"2013"},"content":{"rendered":"<h1>Termine 2013<\/h1>\n<p>&nbsp;<\/p>\n<h1>Fangjagd- \/ Fallenlehrg\u00e4nge<\/h1>\n<p>Fangjagdlehrgang I:\u00a0<strong>\u00a020. Januar \/ 10.Februar 2013<\/strong><\/p>\n<p>Fangjagdlehrgang II:\u00a0<strong>\u00a023. + 24. Februar 2013<\/strong><\/p>\n<p>Fangjagdlehrgang III:\u00a0<strong>\u00a002. + 3. M\u00e4rz 2013<\/strong><\/p>\n<p>&nbsp;<\/p>\n<p>&nbsp;<\/p>\n<p>&nbsp;<\/p>\n<h1>Effektive Kr\u00e4henbejagung in Theorie und Praxis<\/h1>\n<ul>\n<li>\n<h1><strong>Lockjagd<\/strong>, insbesondere auf Rabenkr\u00e4hen<\/h1>\n<\/li>\n<\/ul>\n<h2>-&gt;<\/h2>\n<h2>05.02.2013:\u00a0Lenkung von Rabenkr\u00e4hen, Vortrag Bremen<\/h2>\n<p>&nbsp;<\/p>\n<p>&nbsp;<\/p>\n<h2>-&gt;\u00d6kologie und Bejagung von Rabenkr\u00e4hen, Vortrag Surwold 03.04.2013<\/h2>\n<h2><\/h2>\n<p>&nbsp;<\/p>\n<h2><\/h2>\n<h2>16. &#8211; 17. August 2013 Seminar \u00d6kologie von Rabenv\u00f6geln, Effektive Kr\u00e4henbejagung, Beginn um 18:30 in Oldenburg<\/h2>\n<p>&nbsp;<\/p>\n<p>&nbsp;<\/p>\n<p>&#8211; beflockte Lockkr\u00e4hen (neu) g\u00fcnstig abzugeben 4,5 \u20ac &#8211; 5\u20ac pro St\u00fcck<\/p>\n<div>&#8211; der ultimative Kr\u00e4henlocker &#8222;Old Crow&#8220; neu ab 20 \u20ac<\/div>\n<div>\n<dl id=\"attachment_267\">\n<dt><a href=\"http:\/\/biologisches-institut-oldenburg.de\/wp-content\/uploads\/2011\/08\/CIMG7249.jpg\"><img loading=\"lazy\" decoding=\"async\" title=\"CIMG7249\" alt=\"\" src=\"http:\/\/biologisches-institut-oldenburg.de\/wp-content\/uploads\/2011\/08\/CIMG7249-300x199.jpg\" width=\"300\" height=\"199\" \/><\/a><\/dt>\n<dd>von Kr\u00e4hen get\u00f6tetes Lamm<\/dd>\n<\/dl>\n<\/div>\n<p>&nbsp;<\/p>\n<div>\n<dl id=\"attachment_269\">\n<dt><a href=\"http:\/\/biologisches-institut-oldenburg.de\/wp-content\/uploads\/2011\/08\/Golfball1.jpg\"><img loading=\"lazy\" decoding=\"async\" title=\"Golfball\" alt=\"\" src=\"http:\/\/biologisches-institut-oldenburg.de\/wp-content\/uploads\/2011\/08\/Golfball1-300x225.jpg\" width=\"300\" height=\"225\" \/><\/a><\/dt>\n<dd>von Kr\u00e4hen bearbeiteter Golfball &#8211; vermeintliches Ei<\/dd>\n<\/dl>\n<\/div>\n<ul>\n<li>\n<h1>\u00a0Bejagung der Rabenkr\u00e4he,<\/h1>\n<\/li>\n<\/ul>\n<div><\/div>\n<div><strong>-&gt; Effektive Kr\u00e4henbejagung in Theorie und Praxis<br \/>\n(siehe Aktuelles).<\/strong><\/div>\n<div><\/div>\n<div><\/div>\n<div><\/div>\n<div><\/div>\n<div><\/div>\n<div><\/div>\n<div><strong><br \/>\n<\/strong><\/div>\n<ul>\n<li>\n<h1><strong>Wildprethygiene<\/strong>\u00a0-&gt; &#8222;Kundige Person&#8220;<\/h1>\n<h4>(mit Genehmigung durch die Landesj\u00e4gerschaft Niedersachsen)<\/h4>\n<\/li>\n<\/ul>\n<h1>\u00a0Trichinienprobenahme<\/h1>\n<p>&nbsp;<\/p>\n<h1><strong>2013: im 1. Quartal 2013 wird wieder ein<\/strong><\/h1>\n<h1><strong>Wildprethygienelehrgang<\/strong><\/h1>\n<h1><strong>\u00a0in Oldenburg durchgef\u00fchrt<\/strong><\/h1>\n<p><strong>Termin 1. Quartal 2013, Wildprethygiene (&#8222;Kundige Person&#8220;)<\/strong><\/p>\n<p><strong>Wann? 27.02.2013, Beginn 19:30 in Oldenburg<\/strong><\/p>\n<p><strong>Anmeldung unter E-Mail b.i.o@ewetel.net oder telefonisch 01732179723<\/strong><\/p>\n<p>&nbsp;<\/p>\n<h1>14. Juni 2013: \u00a0Wildprethygiene &#8211;<\/h1>\n<h1>&#8222;Kundige Person&#8220;<\/h1>\n<p><strong>\u00a0<\/strong><\/p>\n<h3>Der DWV-Landesverband Niedersachsen bietet am\u00a014. Juni 2013 ein Seminar \u201eKundige Person\u201c an.<\/h3>\n<p>Referent: Diplom Biologe Jens Kleinekuhle<br \/>\nTeilnehmer: minimal 10 Teilnehmer (nur J\u00e4ger\/-innen) mit g\u00fcltigem Jagdschein<br \/>\nKosten: Mitglieder des Deutschen Wildschutz Verbandes e.V. 20,&#8211;\u20ac,<br \/>\nNichtmitglieder 35,&#8211;\u20ac<br \/>\nDie Teilnahmegeb\u00fchr ist bis zum Meldeschluss auf das Konto:<br \/>\nVB S\u00fcdheide e.G.<br \/>\nBLZ: 257 916 35,<br \/>\nKto: 0025488600<br \/>\nAnmeldungen: richten Sie bitte an:<br \/>\nDeutscher Wildschutz Verband e.V.<br \/>\nLandesverband Niedersachsen<br \/>\nPostfach 1163<br \/>\nD-29324 Fassberg<br \/>\nMail: wernerbixler@d-w-v.de<br \/>\nTel.: 05055 &#8211; 5900183,<br \/>\nMobil: 0160 &#8211; 5536160, ,<\/p>\n<p>&nbsp;<\/p>\n<h1><strong>12. September 2013: \u00a0Marderinformationstag<\/strong><\/h1>\n<h1><strong>\u00a0im Land Rover Autohaus &#8222;Trader Green&#8220;,<\/strong><\/h1>\n<h1><strong>Frankfurter Stra\u00dfe 33, 38304 Wolfenb\u00fcttel,<\/strong><\/h1>\n<h1><strong>Beginn 18:00.<\/strong><\/h1>\n<p>Siehe hierzu auch www.trader-green.de oder wwwdwv.de<\/p>\n<p>&nbsp;<\/p>\n<p>&nbsp;<\/p>\n<p><strong>Vortr\u00e4ge:<\/strong><\/p>\n<ul>\n<li>Einfluss von Beutegreifern auf Bodenbr\u00fcter u. Niederwild,<\/li>\n<li>Fangjagd,<\/li>\n<li>Lockjagd auf Rabenkr\u00e4hen,<\/li>\n<li>Kr\u00e4henmanagement, Vergr\u00e4mung<\/li>\n<li>u.v.m.<\/li>\n<\/ul>\n<p>&nbsp;<\/p>\n<p>&nbsp;<\/p>\n<p>&nbsp;<\/p>\n<p>&nbsp;<\/p>\n<p>&nbsp;<\/p>\n<h1><strong>\u00d6ffentlichkeitsarbeit<\/strong>:<\/h1>\n<p>&#8222;Rollende Waldschule&#8220; &#8211; Arbeit mit Kindern und Jugendlichen auf \u00f6ffentlichen Veranstaltungen<\/p>\n<p>&nbsp;<\/p>\n<p>&nbsp;<\/p>\n<p>&nbsp;<\/p>\n<div>\n<dl id=\"attachment_319\">\n<dt><a href=\"http:\/\/biologisches-institut-oldenburg.de\/wp-content\/uploads\/2011\/08\/WaldschuleIII.jpg\"><img loading=\"lazy\" decoding=\"async\" title=\"WaldschuleIII\" alt=\"\" src=\"http:\/\/biologisches-institut-oldenburg.de\/wp-content\/uploads\/2011\/08\/WaldschuleIII-300x225.jpg\" width=\"300\" height=\"225\" \/><\/a><\/dt>\n<dd>Frederik in der Waldschule<\/dd>\n<\/dl>\n<\/div>\n<p>&nbsp;<\/p>\n<p>&nbsp;<\/p>\n<div>\n<p><strong>04.\/05. Mai 2013 &#8222;Rund ums Tier&#8220;<\/strong>\u00a0Veranstaltung in Deutschlands gr\u00f6\u00dftem Rhododendronpark u.a. mit dem &#8222;XXL-Ostfriesen&#8220; Tamme Hanken, Rhododendronpark Hobbie, Alpenrosenstra\u00dfe 7, 26655 Westerstede, (www.hobbie-rhodo.de)<\/p>\n<p>&nbsp;<\/p>\n<div>\n<dl id=\"attachment_536\">\n<dt><a href=\"http:\/\/biologisches-institut-oldenburg.de\/wp-content\/uploads\/2011\/08\/Volker-Hobbie.jpg\"><img loading=\"lazy\" decoding=\"async\" title=\"Volker Hobbie\" alt=\"\" src=\"http:\/\/biologisches-institut-oldenburg.de\/wp-content\/uploads\/2011\/08\/Volker-Hobbie.jpg\" width=\"640\" height=\"480\" \/><\/a><\/dt>\n<dd>Der furchtlose Volker<\/dd>\n<\/dl>\n<\/div>\n<p>&nbsp;<\/p>\n<p>&nbsp;<\/p>\n<div>\n<dl id=\"attachment_621\">\n<dt><a href=\"http:\/\/biologisches-institut-oldenburg.de\/wp-content\/uploads\/2013\/05\/Rhodo2.jpg\"><img loading=\"lazy\" decoding=\"async\" title=\"Rhodopark Hobbie Mai 2013\" alt=\"\" src=\"http:\/\/biologisches-institut-oldenburg.de\/wp-content\/uploads\/2013\/05\/Rhodo2.jpg\" width=\"400\" height=\"300\" \/><\/a><\/dt>\n<dd>Rhodopark Hobbie Mai 2013<\/dd>\n<\/dl>\n<\/div>\n<p>&nbsp;<\/p>\n<div>\n<dl id=\"attachment_618\">\n<dt><a href=\"http:\/\/biologisches-institut-oldenburg.de\/wp-content\/uploads\/2013\/05\/Rhodo14.jpg\"><img loading=\"lazy\" decoding=\"async\" title=\"Rhododendronpark Hobbie 5.5.13\" alt=\"Rhododendronpark Hobbie 5.5.13\" src=\"http:\/\/biologisches-institut-oldenburg.de\/wp-content\/uploads\/2013\/05\/Rhodo14.jpg\" width=\"500\" height=\"375\" \/><\/a><\/dt>\n<dd>Rhododendronpark Hobbie 5. Mai 2013<\/dd>\n<\/dl>\n<\/div>\n<div>\n<dl id=\"attachment_538\">\n<dd>Der XXL-Ostfriese Tamme Hanken im Gespr\u00e4ch mit Standbetreuung J. Kleinekuhle<\/dd>\n<\/dl>\n<\/div>\n<p>&nbsp;<\/p>\n<p>&nbsp;<\/p>\n<div>\n<dl id=\"attachment_539\">\n<dt><\/dt>\n<dd>Heilen f\u00fcr den guten Zweck, Tamme Hanken hilft nicht nur den Tieren, sondern engagiert sich f\u00fcr krebskranke Kinder<\/dd>\n<\/dl>\n<\/div>\n<p>&nbsp;<\/p>\n<p>&nbsp;<\/p>\n<h1><strong>30. Juni 2013:<\/strong>\u00a0\u00a0XXL-Party,<\/h1>\n<h1>die &#8222;Rollende Waldschule&#8220; auf dem Hankenhof<\/h1>\n<h1>in Filsum<\/h1>\n<p>&nbsp;<\/p>\n<p>&nbsp;<\/p>\n<h1>18. August 2013:\u00a0 Die Rollende Waldschule in<\/h1>\n<h1>Surwold auf der Zuchtschau \/ Vereinsfest des<\/h1>\n<h1>Klubs Kurzhaar Voran in Surwold<\/h1>\n<h2><\/h2>\n<p>&nbsp;<\/p>\n<p>&nbsp;<\/p>\n<h1><\/h1>\n<h1>06. September 2013: Naturp\u00e4dagogik \/<\/h1>\n<h1>Rollende Waldschule mit den Grundsch\u00fclern<\/h1>\n<h1>aus Gehlenberg<\/h1>\n<p>http:\/\/www.nwzonline.de\/cloppenburg\/bildung\/praxisnahes-lernen-in-der-waldschule_a_8,3,1702018962.html<\/p>\n<h3><\/h3>\n<p>&nbsp;<\/p>\n<p>&nbsp;<\/p>\n<p>&nbsp;<\/p>\n<\/div>\n","protected":false},"excerpt":{"rendered":"<p>Termine 2013 &nbsp; Fangjagd- \/ Fallenlehrg\u00e4nge Fangjagdlehrgang I:\u00a0\u00a020. Januar \/ 10.Februar 2013 Fangjagdlehrgang II:\u00a0\u00a023. + 24. Februar 2013 Fangjagdlehrgang III:\u00a0\u00a002. + 3. M\u00e4rz 2013 &nbsp; &nbsp; &nbsp; Effektive Kr\u00e4henbejagung in Theorie und Praxis Lockjagd, insbesondere auf Rabenkr\u00e4hen -&gt; 05.02.2013:\u00a0Lenkung von &hellip; <a href=\"https:\/\/biologisches-institut-oldenburg.de\/?page_id=667\">Weiterlesen <span class=\"meta-nav\">&rarr;<\/span><\/a><\/p>\n","protected":false},"author":1,"featured_media":0,"parent":591,"menu_order":1,"comment_status":"closed","ping_status":"closed","template":"","meta":{"footnotes":""},"_links":{"self":[{"href":"https:\/\/biologisches-institut-oldenburg.de\/index.php?rest_route=\/wp\/v2\/pages\/667"}],"collection":[{"href":"https:\/\/biologisches-institut-oldenburg.de\/index.php?rest_route=\/wp\/v2\/pages"}],"about":[{"href":"https:\/\/biologisches-institut-oldenburg.de\/index.php?rest_route=\/wp\/v2\/types\/page"}],"author":[{"embeddable":true,"href":"https:\/\/biologisches-institut-oldenburg.de\/index.php?rest_route=\/wp\/v2\/users\/1"}],"replies":[{"embeddable":true,"href":"https:\/\/biologisches-institut-oldenburg.de\/index.php?rest_route=%2Fwp%2Fv2%2Fcomments&post=667"}],"version-history":[{"count":6,"href":"https:\/\/biologisches-institut-oldenburg.de\/index.php?rest_route=\/wp\/v2\/pages\/667\/revisions"}],"predecessor-version":[{"id":770,"href":"https:\/\/biologisches-institut-oldenburg.de\/index.php?rest_route=\/wp\/v2\/pages\/667\/revisions\/770"}],"up":[{"embeddable":true,"href":"https:\/\/biologisches-institut-oldenburg.de\/index.php?rest_route=\/wp\/v2\/pages\/591"}],"wp:attachment":[{"href":"https:\/\/biologisches-institut-oldenburg.de\/index.php?rest_route=%2Fwp%2Fv2%2Fmedia&parent=667"}],"curies":[{"name":"wp","href":"https:\/\/api.w.org\/{rel}","templated":true}]}}