{"id":591,"date":"2013-05-03T20:35:51","date_gmt":"2013-05-03T20:35:51","guid":{"rendered":"http:\/\/biologisches-institut-oldenburg.de\/?page_id=591"},"modified":"2025-12-04T23:23:53","modified_gmt":"2025-12-04T23:23:53","slug":"seminare-vortrage-veranstaltungen-2013","status":"publish","type":"page","link":"https:\/\/biologisches-institut-oldenburg.de\/?page_id=591","title":{"rendered":"Veranstaltungen \/ Seminare"},"content":{"rendered":"\n<h4 class=\"wp-block-heading\">(Pr\u00e4datorenkontrolle, Fangjagd, Kr\u00e4hen, Wildprethygiene, Revierberatung, &#8222;Rollende Waldschule&#8220; etc.)<\/h4>\n\n\n\n<p>Anmeldung per Mail unter B.I.O@ewetel.net oder telefonisch \u00fcber 01732179723<\/p>\n\n\n\n<h1 class=\"wp-block-heading\"><strong>Seminare:<\/strong><\/h1>\n\n\n\n<ul>\n<li><strong>Fangjagd<\/strong> (anerkannter Fangjagdausbilder vom Nieders\u00e4chsischen Ministerium f\u00fcr Ern\u00e4hrung Landwirtschaft und Forsten nach \u00a7 24 Abs. 2 NJagdG seit 2002),<\/li>\n<\/ul>\n\n\n\n<h1 class=\"wp-block-heading\">Termine 2025 \/2026<\/h1>\n\n\n\n<h1 class=\"wp-block-heading\">-Fangjagdschule-<\/h1>\n\n\n\n<h1 class=\"wp-block-heading\">Fangjagd- \/ Fallenlehrg\u00e4nge<\/h1>\n\n\n\n<p><\/p>\n\n\n\n<p>ab 2025 Fangjagdlehrg\u00e4nge auf dem neuen Parcour in Oldenburg<\/p>\n\n\n\n<p class=\"has-black-color has-text-color has-link-color wp-elements-ac93be4d7fec25b5abee4b2c423d73d6\">Fangjagdseminar 25.\/26.10.2025 in Oldenburg: Beginn 9 Uhr, Ende gegen 17 Uhr<\/p>\n\n\n\n<p>Fangjagdseminar 31.01.\/01.02.2025 in Oldenburg: Beginn 9 Uhr, Ende gegen 17 Uhr<\/p>\n\n\n\n<p>Seminar: Fangjagd- Fallenseminar,&nbsp; Termin 31.01.\/01.02. 2026 in Oldenburg, Beginn 9:00, voraussichtliches Ende 17:00 &#8211; ausgebucht-<\/p>\n\n\n\n<p>Seminar: Fangjagd- Fallenseminar,&nbsp; Termin 17.\/18. 01. 2026 in Oldenburg, Beginn 9:00, voraussichtliches Ende 17:00<\/p>\n\n\n\n<p><\/p>\n\n\n\n<p><\/p>\n\n\n\n<p><\/p>\n\n\n\n<h1 class=\"wp-block-heading\">Wildprethygiene -&#8222;Kundige Person&#8220; + <\/h1>\n\n\n\n<h1 class=\"wp-block-heading\">Trichinenprobenahme    <strong>                                          (Veterin\u00e4ramt Stadt Oldenburg)<\/strong><\/h1>\n\n\n\n<p>                                                                        <\/p>\n\n\n\n<ul>\n<li><ul><li><strong>Wildprethygienelehrgang &#8222;Kundige Person&#8220; \/ Trichinenprobenahme (Veterin\u00e4ramt Stadt\u00a0 OL)\u00a0 \u00a0 \u00a0 \u00a0 \u00a0 \u00a0 \u00a0 \u00a0 \u00a0                    29. Januar 2025<\/strong> in Oldenburg Beginn 18:00 (Dauer mind. 4 h),<\/li><\/ul>in Oldenburg Beginn 18:00 (Dauer mind. 4 h)<\/li>\n<\/ul>\n\n\n\n<blockquote class=\"wp-block-quote\">\n<p>Seminar: &#8222;Kundige Person&#8220; \/ Wildprethygiene: 20. Februar 2026 von 18:00 &#8211; 22:00 Uhr in Oldenburg<\/p>\n<\/blockquote>\n","protected":false},"excerpt":{"rendered":"<p>(Pr\u00e4datorenkontrolle, Fangjagd, Kr\u00e4hen, Wildprethygiene, Revierberatung, &#8222;Rollende Waldschule&#8220; etc.) Anmeldung per Mail unter B.I.O@ewetel.net oder telefonisch \u00fcber 01732179723 Seminare: Termine 2025 \/2026 -Fangjagdschule- Fangjagd- \/ Fallenlehrg\u00e4nge ab 2025 Fangjagdlehrg\u00e4nge auf dem neuen Parcour in Oldenburg Fangjagdseminar 25.\/26.10.2025 in Oldenburg: Beginn 9 &hellip; <a href=\"https:\/\/biologisches-institut-oldenburg.de\/?page_id=591\">Weiterlesen <span class=\"meta-nav\">&rarr;<\/span><\/a><\/p>\n","protected":false},"author":2,"featured_media":0,"parent":0,"menu_order":0,"comment_status":"closed","ping_status":"closed","template":"","meta":{"footnotes":""},"_links":{"self":[{"href":"https:\/\/biologisches-institut-oldenburg.de\/index.php?rest_route=\/wp\/v2\/pages\/591"}],"collection":[{"href":"https:\/\/biologisches-institut-oldenburg.de\/index.php?rest_route=\/wp\/v2\/pages"}],"about":[{"href":"https:\/\/biologisches-institut-oldenburg.de\/index.php?rest_route=\/wp\/v2\/types\/page"}],"author":[{"embeddable":true,"href":"https:\/\/biologisches-institut-oldenburg.de\/index.php?rest_route=\/wp\/v2\/users\/2"}],"replies":[{"embeddable":true,"href":"https:\/\/biologisches-institut-oldenburg.de\/index.php?rest_route=%2Fwp%2Fv2%2Fcomments&post=591"}],"version-history":[{"count":93,"href":"https:\/\/biologisches-institut-oldenburg.de\/index.php?rest_route=\/wp\/v2\/pages\/591\/revisions"}],"predecessor-version":[{"id":980,"href":"https:\/\/biologisches-institut-oldenburg.de\/index.php?rest_route=\/wp\/v2\/pages\/591\/revisions\/980"}],"wp:attachment":[{"href":"https:\/\/biologisches-institut-oldenburg.de\/index.php?rest_route=%2Fwp%2Fv2%2Fmedia&parent=591"}],"curies":[{"name":"wp","href":"https:\/\/api.w.org\/{rel}","templated":true}]}}