{"id":5,"date":"2011-08-20T17:19:58","date_gmt":"2011-08-20T17:19:58","guid":{"rendered":"http:\/\/biologisches-institut-oldenburg.de\/wordpress\/?page_id=5"},"modified":"2023-10-03T18:52:42","modified_gmt":"2023-10-03T18:52:42","slug":"marderprobleme","status":"publish","type":"page","link":"https:\/\/biologisches-institut-oldenburg.de\/?page_id=5","title":{"rendered":"Marderprobleme?"},"content":{"rendered":"\n<p class=\"has-large-font-size\">Seit \u00fcber 20 Jahren Marderforschung, &#8211; lehre, <\/p>\n\n\n\n<p class=\"has-large-font-size\">-abwehr und Vergr\u00e4mung<\/p>\n\n\n\n<p>Bei der <strong>Vergr\u00e4mung <\/strong>arbeiten wir mit Akustik, Vibration und Duft. Die Kenntnis \u00fcber die effektive Methode fu\u00dft auf den Forschungsergebnissen von und mit Dr. Egon M\u00fcller, dem Altmeister der Vergr\u00e4mung. Diese Methode ist gemeinsam mit www.mardermueller.de unser <strong>Alleinstellungsmerkmal<\/strong>.<\/p>\n\n\n\n<p>Aktuelle Fernsehbeitr\u00e4ge \u00fcber unsere Marder- und Kr\u00e4henvergr\u00e4mung sind in der NDR Mediathek zu finden (NDR Beitrag &#8222;Steinmarder&#8220;, Hallo Niedersachsen v. 19.07.2023, DAS Kr\u00e4henvergr\u00e4mung 06.02.2023)<\/p>\n\n\n\n<p><\/p>\n\n\n\n<p>Im Zuge der Marderforschung ergaben sich auch weitere interessante Aspekte wie die &#8222;Verbisssicherheit von Kunststoffschl\u00e4uchen&#8220; in Kooperation mit der Hochschule f. angewandte Wissenschaften, Hof.<\/p>\n\n\n\n<figure class=\"wp-block-image size-full\"><a href=\"http:\/\/biologisches-institut-oldenburg.de\/wp-content\/uploads\/2023\/10\/4zMX6RimUAr3O0Cg.png\"><img loading=\"lazy\" decoding=\"async\" width=\"605\" height=\"340\" src=\"http:\/\/biologisches-institut-oldenburg.de\/wp-content\/uploads\/2023\/10\/4zMX6RimUAr3O0Cg.png\" alt=\"\" class=\"wp-image-912\" srcset=\"https:\/\/biologisches-institut-oldenburg.de\/wp-content\/uploads\/2023\/10\/4zMX6RimUAr3O0Cg.png 605w, https:\/\/biologisches-institut-oldenburg.de\/wp-content\/uploads\/2023\/10\/4zMX6RimUAr3O0Cg-300x169.png 300w\" sizes=\"(max-width: 605px) 100vw, 605px\" \/><\/a><figcaption>Nachstellung eines Mardergebisses im Rahmen des o.g. Projektes<\/figcaption><\/figure>\n\n\n\n<p><\/p>\n\n\n<h3>Wildtierkontrolle im urbanen Bereich<\/h3>\n<p>\u00a0<\/p>\n<p><a href=\"http:\/\/biologisches-institut-oldenburg.de\/wp-content\/uploads\/2011\/08\/Thomas+Jens13.jpg\"><img loading=\"lazy\" decoding=\"async\" class=\"aligncenter size-full wp-image-518\" title=\"Thomas+Jens1\" src=\"http:\/\/biologisches-institut-oldenburg.de\/wp-content\/uploads\/2011\/08\/Thomas+Jens13.jpg\" alt=\"\" width=\"400\" height=\"225\" srcset=\"https:\/\/biologisches-institut-oldenburg.de\/wp-content\/uploads\/2011\/08\/Thomas+Jens13.jpg 400w, https:\/\/biologisches-institut-oldenburg.de\/wp-content\/uploads\/2011\/08\/Thomas+Jens13-300x168.jpg 300w\" sizes=\"(max-width: 400px) 100vw, 400px\" \/><\/a><\/p>\n<p style=\"text-align: center;\">Marderprobleme?<\/p>\n<div>\n<ul>\n<li>Marder (Buten un Binnen 3. Mai 2014)<\/li>\n<li><a href=\"http:\/\/www.radiobremen.de\/mediathek\/index.html?id=104396\">http:\/\/www.radiobremen.de\/mediathek\/index.html?id=104396<\/a><\/li>\n<li>Kulturfolger in der Stadt &#8211; auf Mardersuche in Oldenburg, Hallo Niedersachsen<\/li>\n<li>https:\/\/www.ardmediathek.de\/video\/hallo-niedersachsen\/kulturfolger-auf-mardersuche-in-oldenburg\/ndr\/Y3JpZDovL25kci5kZS84ODFjZWEyOS0yNzJkLTQxYWUtOTEzMi04ZDc4ZGVlNjk2OWQ<\/li>\n<\/ul>\n<\/div>\n<p><a href=\"http:\/\/biologisches-institut-oldenburg.de\/wp-content\/uploads\/2011\/08\/Mardermobil1.jpg\"><img loading=\"lazy\" decoding=\"async\" class=\"aligncenter size-large wp-image-420\" title=\"Mardermobil\" src=\"http:\/\/biologisches-institut-oldenburg.de\/wp-content\/uploads\/2011\/08\/Mardermobil1-575x1024.jpg\" alt=\"\" width=\"575\" height=\"1024\" srcset=\"https:\/\/biologisches-institut-oldenburg.de\/wp-content\/uploads\/2011\/08\/Mardermobil1-575x1024.jpg 575w, https:\/\/biologisches-institut-oldenburg.de\/wp-content\/uploads\/2011\/08\/Mardermobil1-168x300.jpg 168w, https:\/\/biologisches-institut-oldenburg.de\/wp-content\/uploads\/2011\/08\/Mardermobil1.jpg 700w\" sizes=\"(max-width: 575px) 100vw, 575px\" \/><\/a><\/p>\n<p>\u00a0<\/p>\n<p>In der freien Landschaft beansprucht ein Marder je nach Geschlecht Streifreviere von 150 bis 700 Hektar. Ganz anders stellt sich die die Situation in den St\u00e4dten dar, dort ist die Marderdichte in der Regel so hoch, dass die Reviergr\u00f6\u00dfe eines Paares auf 10 Hektar schrumpfen kann. Seit Ende der 70er Jahre stieg die Marderdichte in allen bundesdeutschen St\u00e4dten stark an, der Fang von Mardern hingegen nahm kontinuierlich ab; Konflikte sind vorprogrammiert.<\/p>\n<p>\u00a0<\/p>\n<p>Keinen Schlaf? Sch\u00e4den am Haus, auf dem Dachboden?<\/p>\n<p>\u00a0<\/p>\n<p><a href=\"http:\/\/biologisches-institut-oldenburg.de\/wp-content\/uploads\/2011\/08\/Marderprobleme.jpg\"><img loading=\"lazy\" decoding=\"async\" class=\"alignleft size-medium wp-image-414\" title=\"Marderprobleme\" src=\"http:\/\/biologisches-institut-oldenburg.de\/wp-content\/uploads\/2011\/08\/Marderprobleme-300x168.jpg\" alt=\"\" width=\"300\" height=\"168\" srcset=\"https:\/\/biologisches-institut-oldenburg.de\/wp-content\/uploads\/2011\/08\/Marderprobleme-300x168.jpg 300w, https:\/\/biologisches-institut-oldenburg.de\/wp-content\/uploads\/2011\/08\/Marderprobleme.jpg 700w\" sizes=\"(max-width: 300px) 100vw, 300px\" \/><\/a><\/p>\n<p>\u00a0<\/p>\n<p>\u00a0<\/p>\n<p>\u00a0<\/p>\n<p><strong>Bei Konflikten mit Steinmardern beraten wir und schaffen Abhilfe!<\/strong><\/p>\n<p>\u00a0<\/p>\n<p>&#8211; Fang- und Vergr\u00e4mung von Wildtieren, mechanische Abwehr sowie individuelle Abwehranlagen<\/p>\n<p>Wir bieten das rundum Wohlf\u00fchlpaket von der Abwehr bis zur Instandsetzung<\/p>\n<p>\u00a0<\/p>\n<p><a href=\"http:\/\/www.radiobremen.de\/mediathek\/index.html?id=104396\">http:\/\/www.radiobremen.de\/mediathek\/index.html?id=104396<\/a><\/p>\n<p>https:\/\/www.ardmediathek.de\/video\/hallo-niedersachsen\/kulturfolger-auf-mardersuche-in-oldenburg\/ndr\/Y3JpZDovL25kci5kZS84ODFjZWEyOS0yNzJkLTQxYWUtOTEzMi04ZDc4ZGVlNjk2OWQ<\/p>\n<p>\u00a0<\/p>\n<p><a href=\"http:\/\/biologisches-institut-oldenburg.de\/wp-content\/uploads\/2011\/08\/DAS-TEAM.jpg\"><img loading=\"lazy\" decoding=\"async\" class=\"aligncenter size-full wp-image-501\" title=\"DAS TEAM\" src=\"http:\/\/biologisches-institut-oldenburg.de\/wp-content\/uploads\/2011\/08\/DAS-TEAM.jpg\" alt=\"\" width=\"400\" height=\"225\" srcset=\"https:\/\/biologisches-institut-oldenburg.de\/wp-content\/uploads\/2011\/08\/DAS-TEAM.jpg 400w, https:\/\/biologisches-institut-oldenburg.de\/wp-content\/uploads\/2011\/08\/DAS-TEAM-300x168.jpg 300w\" sizes=\"(max-width: 400px) 100vw, 400px\" \/><\/a><\/p>\n<p>\u00a0<\/p>\n<p><span style=\"text-decoration: underline;\">Kontakt<\/span>:<\/p>\n<p>E-Mail: B.i.o@ewetel.net<\/p>\n<p>Mobil: 01732179723<\/p>\n<p>Fax + AB: 0441-3509099<\/p>\n<p>\u00a0<\/p>\n<p>\u00a0<\/p>\n<p><span style=\"text-decoration: underline;\">In Kooperation mit:<\/span><\/p>\n<div><span style=\"font-size: small; color: initial;\">Marder M\u00fcller\u00a0 \u00a0 \u00a0 \u00a0 \u00a0 \u00a0 \u00a0 \u00a0 \u00a0 \u00a0 \u00a0 \u00a0 \u00a0 \u00a0<\/span><\/div>\n<div><span style=\"font-size: small;\">M\u00fchlenweg 7<\/span><\/div>\n<div><span style=\"font-size: small;\">21772 Stinstedt<\/span><\/div>\n<p>\u00a0<\/p>\n<p><a href=\"http:\/\/biologisches-institut-oldenburg.de\/wp-content\/uploads\/2011\/08\/Schulte467_5.jpg\"><img loading=\"lazy\" decoding=\"async\" class=\"alignnone size-medium wp-image-127\" title=\"Steinmarder beim Dachaufstieg\" src=\"http:\/\/biologisches-institut-oldenburg.de\/wp-content\/uploads\/2011\/08\/Schulte467_5-300x273.jpg\" alt=\"\" width=\"378\" height=\"342\" \/><\/a><\/p>\n<p>Steinmarder beim Aufsuchen seines Schlafplatzes<\/p>\n<p style=\"text-align: center;\"><a href=\"http:\/\/biologisches-institut-oldenburg.de\/wp-content\/uploads\/2011\/08\/Schulte467_6.jpg\"><img loading=\"lazy\" decoding=\"async\" class=\"size-medium wp-image-128 aligncenter\" title=\"Steinmarder beim Dachaufstieg\" src=\"http:\/\/biologisches-institut-oldenburg.de\/wp-content\/uploads\/2011\/08\/Schulte467_6-300x225.jpg\" alt=\"\" width=\"456\" height=\"323\" \/><\/a><\/p>\n<p><a href=\"http:\/\/biologisches-institut-oldenburg.de\/wp-content\/uploads\/2011\/08\/MarderL%C3%BCckeMai10549_71.jpg\"><img loading=\"lazy\" decoding=\"async\" class=\"alignnone size-medium wp-image-134\" title=\"KONICA MINOLTA DIGITAL CAMERA\" src=\"http:\/\/biologisches-institut-oldenburg.de\/wp-content\/uploads\/2011\/08\/MarderL%C3%BCckeMai10549_71-300x225.jpg\" alt=\"\" width=\"454\" height=\"355\" \/><\/a><\/p>\n<p>Kot und Fra\u00dfreste (hier Igel, Waldschnepfe und Singv\u00f6gel) im Geb\u00e4ude<\/p>\n<p>\u00a0<\/p>\n<p><a href=\"http:\/\/biologisches-institut-oldenburg.de\/wp-content\/uploads\/2011\/08\/MarderPetermann26.05.110850_9.jpg\"><img loading=\"lazy\" decoding=\"async\" class=\"alignnone size-medium wp-image-135\" title=\"KONICA MINOLTA DIGITAL CAMERA\" src=\"http:\/\/biologisches-institut-oldenburg.de\/wp-content\/uploads\/2011\/08\/MarderPetermann26.05.110850_9-300x199.jpg\" alt=\"\" width=\"437\" height=\"303\" \/><\/a><\/p>\n<p>Latrine eines Steinmarders<\/p>\n<p><strong>Marderprobleme?<\/strong><\/p>\n<p><a href=\"http:\/\/biologisches-institut-oldenburg.de\/wp-content\/uploads\/2011\/08\/IMG_2127klein.jpg\"><img loading=\"lazy\" decoding=\"async\" class=\"size-full wp-image-708 alignright\" title=\"IMG_2127klein\" src=\"http:\/\/biologisches-institut-oldenburg.de\/wp-content\/uploads\/2011\/08\/IMG_2127klein.jpg\" alt=\"Marderprobleme?\" width=\"800\" height=\"600\" srcset=\"https:\/\/biologisches-institut-oldenburg.de\/wp-content\/uploads\/2011\/08\/IMG_2127klein.jpg 800w, https:\/\/biologisches-institut-oldenburg.de\/wp-content\/uploads\/2011\/08\/IMG_2127klein-300x225.jpg 300w\" sizes=\"(max-width: 800px) 100vw, 800px\" \/><\/a><\/p>\n<p>\u00a0<\/p>\n<p>\u00a0<\/p>","protected":false},"excerpt":{"rendered":"<p>Seit \u00fcber 20 Jahren Marderforschung, &#8211; lehre, -abwehr und Vergr\u00e4mung Bei der Vergr\u00e4mung arbeiten wir mit Akustik, Vibration und Duft. Die Kenntnis \u00fcber die effektive Methode fu\u00dft auf den Forschungsergebnissen von und mit Dr. Egon M\u00fcller, dem Altmeister der Vergr\u00e4mung. &hellip; <a href=\"https:\/\/biologisches-institut-oldenburg.de\/?page_id=5\">Weiterlesen <span class=\"meta-nav\">&rarr;<\/span><\/a><\/p>\n","protected":false},"author":2,"featured_media":0,"parent":0,"menu_order":2,"comment_status":"closed","ping_status":"closed","template":"","meta":{"footnotes":""},"_links":{"self":[{"href":"https:\/\/biologisches-institut-oldenburg.de\/index.php?rest_route=\/wp\/v2\/pages\/5"}],"collection":[{"href":"https:\/\/biologisches-institut-oldenburg.de\/index.php?rest_route=\/wp\/v2\/pages"}],"about":[{"href":"https:\/\/biologisches-institut-oldenburg.de\/index.php?rest_route=\/wp\/v2\/types\/page"}],"author":[{"embeddable":true,"href":"https:\/\/biologisches-institut-oldenburg.de\/index.php?rest_route=\/wp\/v2\/users\/2"}],"replies":[{"embeddable":true,"href":"https:\/\/biologisches-institut-oldenburg.de\/index.php?rest_route=%2Fwp%2Fv2%2Fcomments&post=5"}],"version-history":[{"count":45,"href":"https:\/\/biologisches-institut-oldenburg.de\/index.php?rest_route=\/wp\/v2\/pages\/5\/revisions"}],"predecessor-version":[{"id":915,"href":"https:\/\/biologisches-institut-oldenburg.de\/index.php?rest_route=\/wp\/v2\/pages\/5\/revisions\/915"}],"wp:attachment":[{"href":"https:\/\/biologisches-institut-oldenburg.de\/index.php?rest_route=%2Fwp%2Fv2%2Fmedia&parent=5"}],"curies":[{"name":"wp","href":"https:\/\/api.w.org\/{rel}","templated":true}]}}