{"id":32,"date":"2011-08-20T19:54:45","date_gmt":"2011-08-20T19:54:45","guid":{"rendered":"http:\/\/biologisches-institut-oldenburg.de\/wordpress\/?page_id=32"},"modified":"2016-04-26T20:32:37","modified_gmt":"2016-04-26T20:32:37","slug":"tag-nachtfalter","status":"publish","type":"page","link":"https:\/\/biologisches-institut-oldenburg.de\/?page_id=32","title":{"rendered":"Tag- Nachtfalter"},"content":{"rendered":"<p>Die Artikel liegen als PDF Datei vor<\/p>\n<p>&nbsp;<\/p>\n<h2>Kleinschmetterlinge der Ostfriesischen Inseln<\/h2>\n<p>von Kleinekuhle &amp; Niedringhaus (13.03.2008)<br \/>\n<a href=\"http:\/\/biologisches-institut-oldenburg.de\/wp-content\/uploads\/2011\/08\/Text_Fauna16-2_Kleinschmetterlinge_13.03.08_End.pdf\" target=\"_blank\">Text_Fauna16-2_Kleinschmetterlinge_13.03.08_End<\/a><\/p>\n<h2>Gro\u00dfschmetterlinge der Ostfriesischen Inseln<\/h2>\n<p>von Jens Kleinekuhle (13.03.2008)<br \/>\n<a href=\"http:\/\/biologisches-institut-oldenburg.de\/wp-content\/uploads\/2011\/08\/Grossschmetterlinge_13.03.08.pdf\" target=\"_blank\">Grossschmetterlinge_13.03.08.pdf<\/a><\/p>\n<p>&nbsp;<\/p>\n<p>Die wissenschaftliche Besch\u00e4ftigung mit Tagfaltern hat eine lange Tradition. Dennoch ist die \u00d6kologie einiger Arten, insbesondere der Larvalstadien, unzureichend bekannt. Schmetterlinge, hier Tagfalter, k\u00f6nnen als Zeigerarten f\u00fcr Biotopstrukturen, -komplexe und auch kleinklimatische Bedingungen herangezogen werden. Es gibt z. B. spezialisierte Arten, die innerhalb ihres Lebensraumes auf bestimmte Strukturen (z. B. Raupenfutterpflanzen) in bestimmten kleinklimatischen Situationen angewiesen sind. Andere Arten wiederum sind Biotopkomplexbewohner.<\/p>\n<p>Die Anspr\u00fcche der Tagfalter in den verschiedenen Lebensstadien (Ei, Larve, Puppe, Imago) an ihren Biotop k\u00f6nnen recht unterschiedlich sein.<\/p>\n<p>&nbsp;<\/p>\n<p><span style=\"text-decoration: underline;\"><strong>Seminare<\/strong><\/span><\/p>\n<p>Amphibien, Libellen und Gew\u00e4sservegetation &#8211; 14.\/15. Mai 2016<\/p>\n<p>Dr. Albrecht Gerlach &amp; Jens Kleinekuhle<\/p>\n<p><a href=\"https:\/\/3c.web.de\/mail\/client\/dereferrer?redirectUrl=http%3A%2F%2Fniedersachsen.nabu.de%2Fnaturerleben%2Fgutsunder%2F08387.html\" target=\"_blank\">http:\/\/niedersachsen.nabu.de\/naturerleben\/gutsunder\/08387.html<\/a><\/p>\n<p>Schmetterlinge &#8211; Tag- u. Nachtfalter &#8211; 01.-03. Juli 2016<\/p>\n<p>&nbsp;<\/p>\n<div id=\"attachment_628\" style=\"width: 410px\" class=\"wp-caption aligncenter\"><a href=\"http:\/\/biologisches-institut-oldenburg.de\/wp-content\/uploads\/2011\/08\/Kaisermantel-US-M\u00fcnster-Fronhof.jpg\"><img loading=\"lazy\" decoding=\"async\" aria-describedby=\"caption-attachment-628\" class=\"size-full wp-image-628\" title=\"Kaisermantel US (M\u00fcnster, Fronhof)\" src=\"http:\/\/biologisches-institut-oldenburg.de\/wp-content\/uploads\/2011\/08\/Kaisermantel-US-M\u00fcnster-Fronhof.jpg\" alt=\"Kaisermantel US (M\u00fcnster, Fronhof)\" width=\"400\" height=\"710\" srcset=\"https:\/\/biologisches-institut-oldenburg.de\/wp-content\/uploads\/2011\/08\/Kaisermantel-US-M\u00fcnster-Fronhof.jpg 400w, https:\/\/biologisches-institut-oldenburg.de\/wp-content\/uploads\/2011\/08\/Kaisermantel-US-M\u00fcnster-Fronhof-169x300.jpg 169w\" sizes=\"(max-width: 400px) 100vw, 400px\" \/><\/a><p id=\"caption-attachment-628\" class=\"wp-caption-text\">Kaisermantel US (M\u00fcnster, Fronhof)<\/p><\/div>\n<p>&nbsp;<\/p>\n<div id=\"attachment_629\" style=\"width: 410px\" class=\"wp-caption aligncenter\"><a href=\"http:\/\/biologisches-institut-oldenburg.de\/wp-content\/uploads\/2011\/08\/Kaisermantel-OS-Fronhof-M\u00fcnster.jpg\"><img loading=\"lazy\" decoding=\"async\" aria-describedby=\"caption-attachment-629\" class=\"size-full wp-image-629\" title=\"Kaisermantel OS (Fronhof, M\u00fcnster)\" src=\"http:\/\/biologisches-institut-oldenburg.de\/wp-content\/uploads\/2011\/08\/Kaisermantel-OS-Fronhof-M\u00fcnster.jpg\" alt=\"Kaisermantel OS (Fronhof, M\u00fcnster)\" width=\"400\" height=\"225\" srcset=\"https:\/\/biologisches-institut-oldenburg.de\/wp-content\/uploads\/2011\/08\/Kaisermantel-OS-Fronhof-M\u00fcnster.jpg 400w, https:\/\/biologisches-institut-oldenburg.de\/wp-content\/uploads\/2011\/08\/Kaisermantel-OS-Fronhof-M\u00fcnster-300x168.jpg 300w\" sizes=\"(max-width: 400px) 100vw, 400px\" \/><\/a><p id=\"caption-attachment-629\" class=\"wp-caption-text\">Kaisermantel OS (Fronhof, M\u00fcnster)<\/p><\/div>\n<p>&nbsp;<\/p>\n<p>&nbsp;<\/p>\n<p style=\"text-align: center;\"><a href=\"http:\/\/biologisches-institut-oldenburg.de\/wp-content\/uploads\/2011\/08\/Maniola-jurtina-Bild-B.-Nannen.jpg\"><img loading=\"lazy\" decoding=\"async\" width=\"300\" height=\"198\" class=\"size-medium wp-image-324 aligncenter\" title=\"Maniola jurtina (Bild B. Nannen)\" src=\"http:\/\/biologisches-institut-oldenburg.de\/wp-content\/uploads\/2011\/08\/Maniola-jurtina-Bild-B.-Nannen-300x198.jpg\" alt=\"\" srcset=\"https:\/\/biologisches-institut-oldenburg.de\/wp-content\/uploads\/2011\/08\/Maniola-jurtina-Bild-B.-Nannen-300x198.jpg 300w, https:\/\/biologisches-institut-oldenburg.de\/wp-content\/uploads\/2011\/08\/Maniola-jurtina-Bild-B.-Nannen.jpg 400w\" sizes=\"(max-width: 300px) 100vw, 300px\" \/><\/a><\/p>\n<p>&nbsp;<\/p>\n<p style=\"text-align: center;\"><a href=\"http:\/\/biologisches-institut-oldenburg.de\/wp-content\/uploads\/2011\/08\/Inachis-io-Bild-B.-Nannen.jpg\"><img loading=\"lazy\" decoding=\"async\" width=\"300\" height=\"198\" class=\"size-medium wp-image-325 aligncenter\" title=\"Inachis io (Bild B. Nannen)\" src=\"http:\/\/biologisches-institut-oldenburg.de\/wp-content\/uploads\/2011\/08\/Inachis-io-Bild-B.-Nannen-300x198.jpg\" alt=\"\" srcset=\"https:\/\/biologisches-institut-oldenburg.de\/wp-content\/uploads\/2011\/08\/Inachis-io-Bild-B.-Nannen-300x198.jpg 300w, https:\/\/biologisches-institut-oldenburg.de\/wp-content\/uploads\/2011\/08\/Inachis-io-Bild-B.-Nannen.jpg 400w\" sizes=\"(max-width: 300px) 100vw, 300px\" \/><\/a><\/p>\n<p>&nbsp;<\/p>\n<p>&nbsp;<\/p>\n<div id=\"attachment_564\" style=\"width: 310px\" class=\"wp-caption aligncenter\"><a href=\"http:\/\/biologisches-institut-oldenburg.de\/wp-content\/uploads\/2011\/08\/Zitronenfalter.jpg\"><img loading=\"lazy\" decoding=\"async\" aria-describedby=\"caption-attachment-564\" class=\"size-medium wp-image-564\" title=\"Zitronenfalter\" src=\"http:\/\/biologisches-institut-oldenburg.de\/wp-content\/uploads\/2011\/08\/Zitronenfalter-300x225.jpg\" alt=\"\" width=\"300\" height=\"225\" srcset=\"https:\/\/biologisches-institut-oldenburg.de\/wp-content\/uploads\/2011\/08\/Zitronenfalter-300x225.jpg 300w, https:\/\/biologisches-institut-oldenburg.de\/wp-content\/uploads\/2011\/08\/Zitronenfalter.jpg 640w\" sizes=\"(max-width: 300px) 100vw, 300px\" \/><\/a><p id=\"caption-attachment-564\" class=\"wp-caption-text\">weiblicher Zitronenfalter (Gonepteryx rhamni)<\/p><\/div>\n<p>&nbsp;<\/p>\n<div id=\"attachment_630\" style=\"width: 410px\" class=\"wp-caption aligncenter\"><a href=\"http:\/\/biologisches-institut-oldenburg.de\/wp-content\/uploads\/2011\/08\/Waldbrettspiel.jpg\"><img loading=\"lazy\" decoding=\"async\" aria-describedby=\"caption-attachment-630\" class=\"size-full wp-image-630\" title=\"Waldbrettspiel\" src=\"http:\/\/biologisches-institut-oldenburg.de\/wp-content\/uploads\/2011\/08\/Waldbrettspiel.jpg\" alt=\"\" width=\"400\" height=\"300\" srcset=\"https:\/\/biologisches-institut-oldenburg.de\/wp-content\/uploads\/2011\/08\/Waldbrettspiel.jpg 400w, https:\/\/biologisches-institut-oldenburg.de\/wp-content\/uploads\/2011\/08\/Waldbrettspiel-300x225.jpg 300w\" sizes=\"(max-width: 400px) 100vw, 400px\" \/><\/a><p id=\"caption-attachment-630\" class=\"wp-caption-text\">Waldbrettspiel (Foto: J. Kleinekuhle)<\/p><\/div>\n<p>&nbsp;<\/p>\n<p>&nbsp;<\/p>\n<div id=\"attachment_565\" style=\"width: 310px\" class=\"wp-caption aligncenter\"><a href=\"http:\/\/biologisches-institut-oldenburg.de\/wp-content\/uploads\/2011\/08\/Kleespinner.jpg\"><img loading=\"lazy\" decoding=\"async\" aria-describedby=\"caption-attachment-565\" class=\"size-medium wp-image-565\" title=\"Kleespinner\" src=\"http:\/\/biologisches-institut-oldenburg.de\/wp-content\/uploads\/2011\/08\/Kleespinner-300x225.jpg\" alt=\"\" width=\"300\" height=\"225\" srcset=\"https:\/\/biologisches-institut-oldenburg.de\/wp-content\/uploads\/2011\/08\/Kleespinner-300x225.jpg 300w, https:\/\/biologisches-institut-oldenburg.de\/wp-content\/uploads\/2011\/08\/Kleespinner.jpg 640w\" sizes=\"(max-width: 300px) 100vw, 300px\" \/><\/a><p id=\"caption-attachment-565\" class=\"wp-caption-text\">Raupe des Kleespinners (Lasiocampa trifolii)<\/p><\/div>\n","protected":false},"excerpt":{"rendered":"<p>Die Artikel liegen als PDF Datei vor &nbsp; Kleinschmetterlinge der Ostfriesischen Inseln von Kleinekuhle &amp; Niedringhaus (13.03.2008) Text_Fauna16-2_Kleinschmetterlinge_13.03.08_End Gro\u00dfschmetterlinge der Ostfriesischen Inseln von Jens Kleinekuhle (13.03.2008) Grossschmetterlinge_13.03.08.pdf &nbsp; Die wissenschaftliche Besch\u00e4ftigung mit Tagfaltern hat eine lange Tradition. Dennoch ist die &hellip; <a href=\"https:\/\/biologisches-institut-oldenburg.de\/?page_id=32\">Weiterlesen <span class=\"meta-nav\">&rarr;<\/span><\/a><\/p>\n","protected":false},"author":1,"featured_media":0,"parent":2,"menu_order":1,"comment_status":"closed","ping_status":"closed","template":"","meta":{"footnotes":""},"_links":{"self":[{"href":"https:\/\/biologisches-institut-oldenburg.de\/index.php?rest_route=\/wp\/v2\/pages\/32"}],"collection":[{"href":"https:\/\/biologisches-institut-oldenburg.de\/index.php?rest_route=\/wp\/v2\/pages"}],"about":[{"href":"https:\/\/biologisches-institut-oldenburg.de\/index.php?rest_route=\/wp\/v2\/types\/page"}],"author":[{"embeddable":true,"href":"https:\/\/biologisches-institut-oldenburg.de\/index.php?rest_route=\/wp\/v2\/users\/1"}],"replies":[{"embeddable":true,"href":"https:\/\/biologisches-institut-oldenburg.de\/index.php?rest_route=%2Fwp%2Fv2%2Fcomments&post=32"}],"version-history":[{"count":24,"href":"https:\/\/biologisches-institut-oldenburg.de\/index.php?rest_route=\/wp\/v2\/pages\/32\/revisions"}],"predecessor-version":[{"id":795,"href":"https:\/\/biologisches-institut-oldenburg.de\/index.php?rest_route=\/wp\/v2\/pages\/32\/revisions\/795"}],"up":[{"embeddable":true,"href":"https:\/\/biologisches-institut-oldenburg.de\/index.php?rest_route=\/wp\/v2\/pages\/2"}],"wp:attachment":[{"href":"https:\/\/biologisches-institut-oldenburg.de\/index.php?rest_route=%2Fwp%2Fv2%2Fmedia&parent=32"}],"curies":[{"name":"wp","href":"https:\/\/api.w.org\/{rel}","templated":true}]}}