{"id":276,"date":"2011-10-19T20:39:21","date_gmt":"2011-10-19T20:39:21","guid":{"rendered":"http:\/\/biologisches-institut-oldenburg.de\/wordpress\/?page_id=276"},"modified":"2023-10-03T18:55:39","modified_gmt":"2023-10-03T18:55:39","slug":"sauger","status":"publish","type":"page","link":"https:\/\/biologisches-institut-oldenburg.de\/?page_id=276","title":{"rendered":"S\u00e4uger"},"content":{"rendered":"<p><strong>S\u00e4uger<\/strong><\/p>\n<p>aktuell erschienen in den Abhandlungen des naturwissenschaftlichen Vereins zu Bremen<\/p>\n<p>Kleinekuhle, Jens &amp; Bach, Lothar &amp; Donning, Axel &amp; Berns, Stefanie (2023):<\/p>\n<p>Die freilebenden S\u00e4ugetiere (Mammalia) der Ostfriesischen<br \/>\nInseln unter besonderer Ber\u00fccksichtigung der Insel Norderney, der<br \/>\nRaubs\u00e4uger (Carnivora) und der Flederm\u00e4use (Chiroptera). 48\/1: 1<\/p>\n<div id=\"attachment_344\" style=\"width: 310px\" class=\"wp-caption aligncenter\"><a href=\"http:\/\/biologisches-institut-oldenburg.de\/wp-content\/uploads\/2011\/10\/Waschb\u00e4r.jpg\"><img loading=\"lazy\" decoding=\"async\" aria-describedby=\"caption-attachment-344\" class=\"size-full wp-image-344\" title=\"Waschb\u00e4r\" src=\"http:\/\/biologisches-institut-oldenburg.de\/wp-content\/uploads\/2011\/10\/Waschb\u00e4r.jpg\" alt=\"\" width=\"300\" height=\"400\" srcset=\"https:\/\/biologisches-institut-oldenburg.de\/wp-content\/uploads\/2011\/10\/Waschb\u00e4r.jpg 300w, https:\/\/biologisches-institut-oldenburg.de\/wp-content\/uploads\/2011\/10\/Waschb\u00e4r-225x300.jpg 225w\" sizes=\"(max-width: 300px) 100vw, 300px\" \/><\/a><p id=\"caption-attachment-344\" class=\"wp-caption-text\">Waschb\u00e4r<\/p><\/div>\n<p>Der Waschb\u00e4r ist ein Neub\u00fcrger mit hohem Vermehrungspotential, der bereits weite Teile Niedersachsens besiedelt hat.<\/p>\n<div id=\"attachment_409\" style=\"width: 310px\" class=\"wp-caption aligncenter\"><a href=\"http:\/\/biologisches-institut-oldenburg.de\/wp-content\/uploads\/2011\/10\/Robben.jpg\"><img loading=\"lazy\" decoding=\"async\" aria-describedby=\"caption-attachment-409\" class=\"size-medium wp-image-409\" title=\"Robben\" src=\"http:\/\/biologisches-institut-oldenburg.de\/wp-content\/uploads\/2011\/10\/Robben-300x225.jpg\" alt=\"Robben auf Norderney\" width=\"300\" height=\"225\" srcset=\"https:\/\/biologisches-institut-oldenburg.de\/wp-content\/uploads\/2011\/10\/Robben-300x225.jpg 300w, https:\/\/biologisches-institut-oldenburg.de\/wp-content\/uploads\/2011\/10\/Robben.jpg 600w\" sizes=\"(max-width: 300px) 100vw, 300px\" \/><\/a><p id=\"caption-attachment-409\" class=\"wp-caption-text\">Robben auf Norderney<\/p><\/div>\n<p style=\"text-align: center;\">\u00a0 \u00a0 \u00a0 \u00a0 \u00a0 \u00a0 \u00a0 \u00a0 \u00a0 \u00a0 \u00a0 \u00a0 \u00a0 \u00a0 \u00a0 \u00a0 \u00a0 \u00a0 \u00a0 \u00a0 \u00a0 \u00a0 \u00a0 \u00a0 \u00a0 \u00a0 \u00a0Robben an der Ostseite Norderneys<\/p>\n<div id=\"attachment_347\" style=\"width: 410px\" class=\"wp-caption aligncenter\"><a href=\"http:\/\/biologisches-institut-oldenburg.de\/wp-content\/uploads\/2011\/10\/Fuchsf\u00e4hrte.jpg\"><img loading=\"lazy\" decoding=\"async\" aria-describedby=\"caption-attachment-347\" class=\"size-full wp-image-347\" title=\"Fuchsf\u00e4hrte\" src=\"http:\/\/biologisches-institut-oldenburg.de\/wp-content\/uploads\/2011\/10\/Fuchsf\u00e4hrte.jpg\" alt=\"\" width=\"400\" height=\"300\" srcset=\"https:\/\/biologisches-institut-oldenburg.de\/wp-content\/uploads\/2011\/10\/Fuchsf\u00e4hrte.jpg 400w, https:\/\/biologisches-institut-oldenburg.de\/wp-content\/uploads\/2011\/10\/Fuchsf\u00e4hrte-300x225.jpg 300w\" sizes=\"(max-width: 400px) 100vw, 400px\" \/><\/a><p id=\"caption-attachment-347\" class=\"wp-caption-text\">Die F\u00e4hrte eines Fuchses<\/p><\/div>\n<p>Der Fuchs ist fl\u00e4chendeckend, mit Ausnahme der Ostfriesischen Inseln (vgl. Walter, G. &amp; J. Kleinekuhle 2008), \u00a0in hoher Populationsdichte in Niedersachsen vertreten. Diese Raubwildart \u00fcbt einen enormen Pr\u00e4dationsdruck insbesondere auf bodenbr\u00fctende Vogelarten aus.<\/p>\n<p><a href=\"http:\/\/biologisches-institut-oldenburg.de\/wp-content\/uploads\/2011\/10\/Feldhase.jpg\"><img loading=\"lazy\" decoding=\"async\" class=\"aligncenter size-medium wp-image-401\" title=\"Feldhase\" src=\"http:\/\/biologisches-institut-oldenburg.de\/wp-content\/uploads\/2011\/10\/Feldhase-300x225.jpg\" alt=\"kranker Feldhase\" width=\"300\" height=\"225\" srcset=\"https:\/\/biologisches-institut-oldenburg.de\/wp-content\/uploads\/2011\/10\/Feldhase-300x225.jpg 300w, https:\/\/biologisches-institut-oldenburg.de\/wp-content\/uploads\/2011\/10\/Feldhase.jpg 600w\" sizes=\"(max-width: 300px) 100vw, 300px\" \/><\/a><\/p>\n<p><strong>\u00a0 \u00a0 \u00a0 \u00a0 \u00a0 \u00a0 \u00a0 \u00a0 \u00a0 \u00a0 \u00a0 \u00a0 \u00a0 \u00a0 \u00a0 \u00a0 \u00a0 \u00a0 \u00a0 \u00a0 \u00a0 \u00a0 \u00a0 \u00a0 \u00a0 \u00a0 \u00a0 \u00a0 Feldhase<\/strong><\/p>\n<div id=\"attachment_412\" style=\"width: 310px\" class=\"wp-caption aligncenter\"><a href=\"http:\/\/biologisches-institut-oldenburg.de\/wp-content\/uploads\/2011\/10\/Damspie\u00dfer.jpg\"><img loading=\"lazy\" decoding=\"async\" aria-describedby=\"caption-attachment-412\" class=\"size-medium wp-image-412\" title=\"Damspie\u00dfer\" src=\"http:\/\/biologisches-institut-oldenburg.de\/wp-content\/uploads\/2011\/10\/Damspie\u00dfer-300x168.jpg\" alt=\"Damhirsch vom 1. Kopf\" width=\"300\" height=\"168\" srcset=\"https:\/\/biologisches-institut-oldenburg.de\/wp-content\/uploads\/2011\/10\/Damspie\u00dfer-300x168.jpg 300w, https:\/\/biologisches-institut-oldenburg.de\/wp-content\/uploads\/2011\/10\/Damspie\u00dfer.jpg 600w\" sizes=\"(max-width: 300px) 100vw, 300px\" \/><\/a><p id=\"caption-attachment-412\" class=\"wp-caption-text\">Damhirsch vom 1. Kopf<\/p><\/div>\n<p><a href=\"http:\/\/biologisches-institut-oldenburg.de\/wp-content\/uploads\/2011\/10\/verunfallter-Rehbock.jpg\"><img loading=\"lazy\" decoding=\"async\" class=\"aligncenter size-full wp-image-426\" title=\"verunfallter Rehbock\" src=\"http:\/\/biologisches-institut-oldenburg.de\/wp-content\/uploads\/2011\/10\/verunfallter-Rehbock.jpg\" alt=\"\" width=\"700\" height=\"393\" srcset=\"https:\/\/biologisches-institut-oldenburg.de\/wp-content\/uploads\/2011\/10\/verunfallter-Rehbock.jpg 700w, https:\/\/biologisches-institut-oldenburg.de\/wp-content\/uploads\/2011\/10\/verunfallter-Rehbock-300x168.jpg 300w\" sizes=\"(max-width: 700px) 100vw, 700px\" \/><\/a>verunfallter Rehbock: laut Versicherungsstatistik kommt es ca. alle 2 Minuten in Deutschland zu Kollisionen mit Rehwild (siehe hierzu:\u00a0KLEINEKUHLE, J. (2008): Wildunf\u00e4lle \u2013 Was tun? \u2013 Waidmann 16: 4-7.)<\/p>\n","protected":false},"excerpt":{"rendered":"<p>S\u00e4uger aktuell erschienen in den Abhandlungen des naturwissenschaftlichen Vereins zu Bremen Kleinekuhle, Jens &amp; Bach, Lothar &amp; Donning, Axel &amp; Berns, Stefanie (2023): Die freilebenden S\u00e4ugetiere (Mammalia) der Ostfriesischen Inseln unter besonderer Ber\u00fccksichtigung der Insel Norderney, der Raubs\u00e4uger (Carnivora) und &hellip; <a href=\"https:\/\/biologisches-institut-oldenburg.de\/?page_id=276\">Weiterlesen <span class=\"meta-nav\">&rarr;<\/span><\/a><\/p>\n","protected":false},"author":1,"featured_media":0,"parent":2,"menu_order":6,"comment_status":"closed","ping_status":"closed","template":"","meta":{"footnotes":""},"_links":{"self":[{"href":"https:\/\/biologisches-institut-oldenburg.de\/index.php?rest_route=\/wp\/v2\/pages\/276"}],"collection":[{"href":"https:\/\/biologisches-institut-oldenburg.de\/index.php?rest_route=\/wp\/v2\/pages"}],"about":[{"href":"https:\/\/biologisches-institut-oldenburg.de\/index.php?rest_route=\/wp\/v2\/types\/page"}],"author":[{"embeddable":true,"href":"https:\/\/biologisches-institut-oldenburg.de\/index.php?rest_route=\/wp\/v2\/users\/1"}],"replies":[{"embeddable":true,"href":"https:\/\/biologisches-institut-oldenburg.de\/index.php?rest_route=%2Fwp%2Fv2%2Fcomments&post=276"}],"version-history":[{"count":17,"href":"https:\/\/biologisches-institut-oldenburg.de\/index.php?rest_route=\/wp\/v2\/pages\/276\/revisions"}],"predecessor-version":[{"id":917,"href":"https:\/\/biologisches-institut-oldenburg.de\/index.php?rest_route=\/wp\/v2\/pages\/276\/revisions\/917"}],"up":[{"embeddable":true,"href":"https:\/\/biologisches-institut-oldenburg.de\/index.php?rest_route=\/wp\/v2\/pages\/2"}],"wp:attachment":[{"href":"https:\/\/biologisches-institut-oldenburg.de\/index.php?rest_route=%2Fwp%2Fv2%2Fmedia&parent=276"}],"curies":[{"name":"wp","href":"https:\/\/api.w.org\/{rel}","templated":true}]}}