{"id":2,"date":"2011-08-20T17:03:54","date_gmt":"2011-08-20T17:03:54","guid":{"rendered":"http:\/\/biologisches-institut-oldenburg.de\/wordpress\/?page_id=2"},"modified":"2023-10-03T19:27:32","modified_gmt":"2023-10-03T19:27:32","slug":"fachgutachten","status":"publish","type":"page","link":"https:\/\/biologisches-institut-oldenburg.de\/?page_id=2","title":{"rendered":"Fachgutachten"},"content":{"rendered":"<h1>seit \u00fcber 30 Jahren<\/h1>\n<h4>Zoologisch- \u00f6kologische Fachgutachten (Eingriffsregelung, UVP, saP u.a.)<\/h4>\n<p>Die naturschutzfachlichen Hinweise zur Anwendung der Eingriffsregelung in der Bauleitplanung (Breuer 1994) und die Aktualisierung (Breuer 2006) machen u. a. eine Erfassung des Schutzgutes Arten- und Lebensgemeinschaften erforderlich. Bei Eingriffsvorhaben sind Informationen \u00fcber die Vorkommen von Biotoptypen sowie von Pflanzen- und Tierarten notwendig.<\/p>\n<p>Grunds\u00e4tzlich ist der Aufwand f\u00fcr eine Tierartenbestandsaufnahme einzelfallbezogen nach den in einem Gebiet vorkommenden Biotopen und Biotopstrukturen, die jeweils ein unterschiedlich hohes faunistisches Artenpotenzial erwarten lassen, festzulegen. Die Festlegung sollte zweckm\u00e4\u00dfigerweise biotoptypenbezogen entsprechend einer begrenzten Auswahl von Tierarten erfolgen.<\/p>\n<p>Zu den abw\u00e4gungsrelevanten Belangen f\u00fcr die Begr\u00fcndung des jeweiligen Planungsvorhabens geh\u00f6ren auch die auf der Grundlage der Bundesartenschutzverordnung und des Bundesnaturschutzgesetzes die gem\u00e4\u00df \u00a7 7 Abs. 2 Nr. 13 + 14 BNatSchG (unter Ber\u00fccksichtigung des Anhangs IV der FFH-Richtlinie (92\/43\/EWG)) besonders bzw. streng gesch\u00fctzten Arten.<\/p>\n<p>Zu \u00fcberplanende Bereiche sind demnach in jedem Fall auf das Vorkommen solcher Arten hin zu untersuchen und in Hinblick auf ihre Bedeutung einzusch\u00e4tzen. Von Belang sind allerdings nicht nur die durch die Artenschutzbestimmungen gesch\u00fctzten Tiere, sondern vielmehr alle Tierartenvorkommen, deren Kenntnis die Planungsentscheidung beeinflusst.<\/p>\n<p style=\"text-align: center;\"><a href=\"http:\/\/biologisches-institut-oldenburg.de\/wp-content\/uploads\/2011\/08\/J.Kleinekuhle.jpg\"><img loading=\"lazy\" decoding=\"async\" width=\"700\" height=\"393\" class=\"aligncenter size-full wp-image-424\" title=\"J.Kleinekuhle\" src=\"http:\/\/biologisches-institut-oldenburg.de\/wp-content\/uploads\/2011\/08\/J.Kleinekuhle.jpg\" alt=\"\" srcset=\"https:\/\/biologisches-institut-oldenburg.de\/wp-content\/uploads\/2011\/08\/J.Kleinekuhle.jpg 700w, https:\/\/biologisches-institut-oldenburg.de\/wp-content\/uploads\/2011\/08\/J.Kleinekuhle-300x168.jpg 300w\" sizes=\"(max-width: 700px) 100vw, 700px\" \/><\/a><\/p>\n","protected":false},"excerpt":{"rendered":"<p>seit \u00fcber 30 Jahren Zoologisch- \u00f6kologische Fachgutachten (Eingriffsregelung, UVP, saP u.a.) Die naturschutzfachlichen Hinweise zur Anwendung der Eingriffsregelung in der Bauleitplanung (Breuer 1994) und die Aktualisierung (Breuer 2006) machen u. a. eine Erfassung des Schutzgutes Arten- und Lebensgemeinschaften erforderlich. Bei &hellip; <a href=\"https:\/\/biologisches-institut-oldenburg.de\/?page_id=2\">Weiterlesen <span class=\"meta-nav\">&rarr;<\/span><\/a><\/p>\n","protected":false},"author":1,"featured_media":0,"parent":0,"menu_order":1,"comment_status":"closed","ping_status":"closed","template":"","meta":{"footnotes":""},"_links":{"self":[{"href":"https:\/\/biologisches-institut-oldenburg.de\/index.php?rest_route=\/wp\/v2\/pages\/2"}],"collection":[{"href":"https:\/\/biologisches-institut-oldenburg.de\/index.php?rest_route=\/wp\/v2\/pages"}],"about":[{"href":"https:\/\/biologisches-institut-oldenburg.de\/index.php?rest_route=\/wp\/v2\/types\/page"}],"author":[{"embeddable":true,"href":"https:\/\/biologisches-institut-oldenburg.de\/index.php?rest_route=\/wp\/v2\/users\/1"}],"replies":[{"embeddable":true,"href":"https:\/\/biologisches-institut-oldenburg.de\/index.php?rest_route=%2Fwp%2Fv2%2Fcomments&post=2"}],"version-history":[{"count":19,"href":"https:\/\/biologisches-institut-oldenburg.de\/index.php?rest_route=\/wp\/v2\/pages\/2\/revisions"}],"predecessor-version":[{"id":931,"href":"https:\/\/biologisches-institut-oldenburg.de\/index.php?rest_route=\/wp\/v2\/pages\/2\/revisions\/931"}],"wp:attachment":[{"href":"https:\/\/biologisches-institut-oldenburg.de\/index.php?rest_route=%2Fwp%2Fv2%2Fmedia&parent=2"}],"curies":[{"name":"wp","href":"https:\/\/api.w.org\/{rel}","templated":true}]}}