{"id":190,"date":"2011-10-04T19:59:09","date_gmt":"2011-10-04T19:59:09","guid":{"rendered":"http:\/\/biologisches-institut-oldenburg.de\/wordpress\/?page_id=190"},"modified":"2016-04-26T20:30:13","modified_gmt":"2016-04-26T20:30:13","slug":"libellen-2","status":"publish","type":"page","link":"https:\/\/biologisches-institut-oldenburg.de\/?page_id=190","title":{"rendered":"Libellen"},"content":{"rendered":"<p><strong>Libellen<\/strong><\/p>\n<p>Nach Brinkmann (1998), der die tier\u00f6kologischen Belange in der Landschaftsplanung dargestellt hat, ist der Kenntnisstand zur \u00d6kologie der Libellen, in Relation zu anderen Wirbellosen-Gruppen, als relativ gut zu bezeichnen. Grunds\u00e4tzlich ist der Forschungsstand bei den Imagines weiter als bei den Larven, wo gr\u00f6\u00dfere Defizite zu finden sind. Libellen k\u00f6nnen als Zeigerarten zur Charakterisierung von Still- und Flie\u00dfgew\u00e4ssern herangezogen werden. In dem Ma\u00dfe, wie das Vorkommen einzelner Arten von Parametern wie z. B. Str\u00f6mung, Chemismus, Wasserf\u00fchrung, Temperatur, Vegetation und Gew\u00e4ssermorphologie abh\u00e4ngt k\u00f6nnen sie als Indikatoren hierf\u00fcr herangezogen werden. Da das Vorkommen von Libellen in der Regel von mehreren Faktoren abh\u00e4ngig ist, k\u00f6nnen sie auch als Komplexindikatoren herangezogen werden (z. B. Naturn\u00e4he, Beurteilung anthropogener Einfl\u00fcsse).<\/p>\n<p>Alle heimischen Libellenarten sind nach der \u00a0BArtSchV\u00a0 mindestens besonders gesch\u00fctzt.<\/p>\n<p>&nbsp;<\/p>\n<p><span style=\"text-decoration: underline;\"><strong>Seminare<\/strong><\/span><\/p>\n<p>Amphibien, Libellen und Gew\u00e4sservegetation &#8211; 14.\/15. Mai 2016<\/p>\n<p>Dr. Albrecht Gerlach &amp; Jens Kleinekuhle<\/p>\n<p><a href=\"https:\/\/3c.web.de\/mail\/client\/dereferrer?redirectUrl=http%3A%2F%2Fniedersachsen.nabu.de%2Fnaturerleben%2Fgutsunder%2F08387.html\" target=\"_blank\">http:\/\/niedersachsen.nabu.de\/naturerleben\/gutsunder\/08387.html<\/a><\/p>\n<p>Schmetterlinge &#8211; Tag- u. Nachtfalter &#8211; 01.-03. Juli 2016<\/p>\n<div id=\"attachment_203\" style=\"width: 235px\" class=\"wp-caption aligncenter\"><a href=\"http:\/\/biologisches-institut-oldenburg.de\/wp-content\/uploads\/2011\/10\/Orthetrum-bei-Fritzklein10-005-3.jpg\"><img loading=\"lazy\" decoding=\"async\" aria-describedby=\"caption-attachment-203\" class=\"size-medium wp-image-203 \" title=\"Orthetrum cancellatum\" src=\"http:\/\/biologisches-institut-oldenburg.de\/wp-content\/uploads\/2011\/10\/Orthetrum-bei-Fritzklein10-005-3-225x300.jpg\" alt=\"\" width=\"225\" height=\"300\" srcset=\"https:\/\/biologisches-institut-oldenburg.de\/wp-content\/uploads\/2011\/10\/Orthetrum-bei-Fritzklein10-005-3-225x300.jpg 225w, https:\/\/biologisches-institut-oldenburg.de\/wp-content\/uploads\/2011\/10\/Orthetrum-bei-Fritzklein10-005-3.jpg 750w\" sizes=\"(max-width: 225px) 100vw, 225px\" \/><\/a><p id=\"caption-attachment-203\" class=\"wp-caption-text\">Orthetrum cancellatum<\/p><\/div>\n<p>&nbsp;<\/p>\n<p>&nbsp;<\/p>\n<p>&nbsp;<\/p>\n<div id=\"attachment_200\" style=\"width: 310px\" class=\"wp-caption alignnone\"><a href=\"http:\/\/biologisches-institut-oldenburg.de\/wp-content\/uploads\/2011\/10\/LrubiDSCN1886.jpg\"><img loading=\"lazy\" decoding=\"async\" aria-describedby=\"caption-attachment-200\" class=\"size-medium wp-image-200\" title=\"Leucorrhinia rubicunda\" src=\"http:\/\/biologisches-institut-oldenburg.de\/wp-content\/uploads\/2011\/10\/LrubiDSCN1886-300x225.jpg\" alt=\"\" width=\"300\" height=\"225\" srcset=\"https:\/\/biologisches-institut-oldenburg.de\/wp-content\/uploads\/2011\/10\/LrubiDSCN1886-300x225.jpg 300w, https:\/\/biologisches-institut-oldenburg.de\/wp-content\/uploads\/2011\/10\/LrubiDSCN1886.jpg 800w\" sizes=\"(max-width: 300px) 100vw, 300px\" \/><\/a><p id=\"caption-attachment-200\" class=\"wp-caption-text\">Leucorrhinia rubicunda<\/p><\/div>\n<p>&nbsp;<\/p>\n<p>&nbsp;<\/p>\n<p>&nbsp;<\/p>\n<div id=\"attachment_201\" style=\"width: 310px\" class=\"wp-caption alignnone\"><a href=\"http:\/\/biologisches-institut-oldenburg.de\/wp-content\/uploads\/2011\/10\/klein.jpg\"><img loading=\"lazy\" decoding=\"async\" aria-describedby=\"caption-attachment-201\" class=\"size-medium wp-image-201 \" title=\"Cordulia aenea\" src=\"http:\/\/biologisches-institut-oldenburg.de\/wp-content\/uploads\/2011\/10\/klein-300x225.jpg\" alt=\"Beschreibung\" width=\"300\" height=\"225\" srcset=\"https:\/\/biologisches-institut-oldenburg.de\/wp-content\/uploads\/2011\/10\/klein-300x225.jpg 300w, https:\/\/biologisches-institut-oldenburg.de\/wp-content\/uploads\/2011\/10\/klein.jpg 800w\" sizes=\"(max-width: 300px) 100vw, 300px\" \/><\/a><p id=\"caption-attachment-201\" class=\"wp-caption-text\">Cordulia aenea<\/p><\/div>\n<p>&nbsp;<\/p>\n<p>&nbsp;<\/p>\n<div id=\"attachment_560\" style=\"width: 310px\" class=\"wp-caption alignright\"><a href=\"http:\/\/biologisches-institut-oldenburg.de\/wp-content\/uploads\/2011\/10\/Vierfleck.jpg\"><img loading=\"lazy\" decoding=\"async\" aria-describedby=\"caption-attachment-560\" class=\"size-medium wp-image-560\" title=\"Vierfleck\" src=\"http:\/\/biologisches-institut-oldenburg.de\/wp-content\/uploads\/2011\/10\/Vierfleck-300x225.jpg\" alt=\"\" width=\"300\" height=\"225\" srcset=\"https:\/\/biologisches-institut-oldenburg.de\/wp-content\/uploads\/2011\/10\/Vierfleck-300x225.jpg 300w, https:\/\/biologisches-institut-oldenburg.de\/wp-content\/uploads\/2011\/10\/Vierfleck.jpg 640w\" sizes=\"(max-width: 300px) 100vw, 300px\" \/><\/a><p id=\"caption-attachment-560\" class=\"wp-caption-text\">Vierfleck (Libellula quadrimaculata)<\/p><\/div>\n<p>&nbsp;<\/p>\n","protected":false},"excerpt":{"rendered":"<p>Libellen Nach Brinkmann (1998), der die tier\u00f6kologischen Belange in der Landschaftsplanung dargestellt hat, ist der Kenntnisstand zur \u00d6kologie der Libellen, in Relation zu anderen Wirbellosen-Gruppen, als relativ gut zu bezeichnen. Grunds\u00e4tzlich ist der Forschungsstand bei den Imagines weiter als bei &hellip; <a href=\"https:\/\/biologisches-institut-oldenburg.de\/?page_id=190\">Weiterlesen <span class=\"meta-nav\">&rarr;<\/span><\/a><\/p>\n","protected":false},"author":1,"featured_media":0,"parent":2,"menu_order":3,"comment_status":"closed","ping_status":"closed","template":"","meta":{"footnotes":""},"_links":{"self":[{"href":"https:\/\/biologisches-institut-oldenburg.de\/index.php?rest_route=\/wp\/v2\/pages\/190"}],"collection":[{"href":"https:\/\/biologisches-institut-oldenburg.de\/index.php?rest_route=\/wp\/v2\/pages"}],"about":[{"href":"https:\/\/biologisches-institut-oldenburg.de\/index.php?rest_route=\/wp\/v2\/types\/page"}],"author":[{"embeddable":true,"href":"https:\/\/biologisches-institut-oldenburg.de\/index.php?rest_route=\/wp\/v2\/users\/1"}],"replies":[{"embeddable":true,"href":"https:\/\/biologisches-institut-oldenburg.de\/index.php?rest_route=%2Fwp%2Fv2%2Fcomments&post=190"}],"version-history":[{"count":21,"href":"https:\/\/biologisches-institut-oldenburg.de\/index.php?rest_route=\/wp\/v2\/pages\/190\/revisions"}],"predecessor-version":[{"id":793,"href":"https:\/\/biologisches-institut-oldenburg.de\/index.php?rest_route=\/wp\/v2\/pages\/190\/revisions\/793"}],"up":[{"embeddable":true,"href":"https:\/\/biologisches-institut-oldenburg.de\/index.php?rest_route=\/wp\/v2\/pages\/2"}],"wp:attachment":[{"href":"https:\/\/biologisches-institut-oldenburg.de\/index.php?rest_route=%2Fwp%2Fv2%2Fmedia&parent=190"}],"curies":[{"name":"wp","href":"https:\/\/api.w.org\/{rel}","templated":true}]}}