{"id":11,"date":"2011-08-20T17:21:34","date_gmt":"2011-08-20T17:21:34","guid":{"rendered":"http:\/\/biologisches-institut-oldenburg.de\/wordpress\/?page_id=11"},"modified":"2019-05-08T20:15:28","modified_gmt":"2019-05-08T20:15:28","slug":"downloads","status":"publish","type":"page","link":"https:\/\/biologisches-institut-oldenburg.de\/?page_id=11","title":{"rendered":"Downloads"},"content":{"rendered":"<p><a href=\"http:\/\/biologisches-institut-oldenburg.de\/wp-content\/uploads\/2011\/08\/hermelin.pdf\" target=\"_blank\" rel=\"noopener\">Hermelin \/ Unsere heimischen Raubs\u00e4ger<\/a><\/p>\n<p><a href=\"http:\/\/biologisches-institut-oldenburg.de\/wp-content\/uploads\/2011\/08\/Iltisartikel.pdf\" target=\"_blank\" rel=\"noopener\">Iltis \/ Unsere heimischen Raubs\u00e4uger<\/a><\/p>\n<p><a href=\"http:\/\/biologisches-institut-oldenburg.de\/wp-content\/uploads\/2011\/08\/Waidmann_14_nerzundmink.pdf\" target=\"_blank\" rel=\"noopener\">Raubs\u00e4uger Nerz \/ Mink<\/a><\/p>\n<p><a href=\"http:\/\/biologisches-institut-oldenburg.de\/wp-content\/uploads\/2011\/08\/waidmann_15_praedationsfalle.pdf\" target=\"_blank\" rel=\"noopener\">Raus aus der Pr\u00e4dationsfalle<\/a>\u00a0 \u00a0(Pr\u00e4dationsdruck \/ Artenr\u00fcckgang \/ Fuchsbejagung)<\/p>\n<p><a href=\"http:\/\/biologisches-institut-oldenburg.de\/wp-content\/uploads\/2011\/08\/mauswiesel1.pdf\">mauswiesel<\/a>\u00a0 \u00a0 \u00a0Mauswiesel \/ Unsere heimischen Raubs\u00e4uger<\/p>\n<p><a href=\"http:\/\/biologisches-institut-oldenburg.de\/wp-content\/uploads\/2011\/08\/Waidmann_16_kormoran.pdf\">Waidmann_16_kormoran<\/a>\u00a0 (Wieviel Kormoran vertr\u00e4gt unser Fisch?)<\/p>\n<ul>\n<li>\n<p align=\"justify\">KLEINEKUHLE, J. (2008): Die Gro\u00dfschmetterlinge der Ostfriesischen Inseln (Macrolepidoptera). Kritisches Artenverzeichnis mit Pr\u00e4senz-Angaben f\u00fcr die Inseln und Biotope. \u2013 In: NIEDRINGHAUS, R., HAESELER, V., JANIESCH, P. (Hrsg.): Die Flora und Fauna der Ostfriesischen Inseln. \u2013 Schr.R. Nationalpark Nieders. Wattenmeer 11: 317-330.<\/p>\n<\/li>\n<li>\n<div align=\"justify\">Kleinekuhle, J., Niedringhaus, R. (2008): Die Kleinschmetterlinge (Microlepidoptera) der Ostfriesischen Inseln. Kritisches Artenverzeichnis mit Pr\u00e4senz-Angaben f\u00fcr die Inseln und Biotope. \u2013 In: Niedringhaus, R., Haeseler, V., Janiesch, P. (Hrsg.): Die Flora und Fauna der Ostfriesischen Inseln. \u2013 Schr.R. Nationalpark Nieders. Wattenmeer 11: 331-340.<\/div>\n<\/li>\n<li>Walter, G. &amp; J. Kleinekuhle (2008): Die Lands\u00e4uger der Ostfriesischen Inseln (Mammalia) In: NIEDRINGHAUS, R., HAESELER, V., JANIESCH, P. (Hrsg.): Die Flora und Fauna der Ostfriesischen Inseln. \u2013 Schr.R. Nationalpark Nieders. Wattenmeer 11: 441-445.<\/li>\n<\/ul>\n<p align=\"justify\">\u00a0siehe -&gt;\u00a0\u00a0\u00a0\u00a0\u00a0<a href=\"http:\/\/www.natosti.uni-oldenburg.de\/\">http:\/\/www.natosti.uni-oldenburg.de\/<\/a><\/p>\n<p align=\"justify\"><a href=\"http:\/\/biologisches-institut-oldenburg.de\/wp-content\/uploads\/2011\/08\/waidmann_17_Titelstory.pdf\">waidmann_17_Titelstory<\/a><\/p>\n<p align=\"justify\">KLEINEKUHLE, J. (2009):\u00a0125 000 Jahre Jagd in Niedersachsen &#8211; welches Ansehen hat die Jagd heute in der \u00d6ffentlichkeit?. &#8211; Waidmann: 4-7.<\/p>\n","protected":false},"excerpt":{"rendered":"<p>Hermelin \/ Unsere heimischen Raubs\u00e4ger Iltis \/ Unsere heimischen Raubs\u00e4uger Raubs\u00e4uger Nerz \/ Mink Raus aus der Pr\u00e4dationsfalle\u00a0 \u00a0(Pr\u00e4dationsdruck \/ Artenr\u00fcckgang \/ Fuchsbejagung) mauswiesel\u00a0 \u00a0 \u00a0Mauswiesel \/ Unsere heimischen Raubs\u00e4uger Waidmann_16_kormoran\u00a0 (Wieviel Kormoran vertr\u00e4gt unser Fisch?) KLEINEKUHLE, J. (2008): Die &hellip; <a href=\"https:\/\/biologisches-institut-oldenburg.de\/?page_id=11\">Weiterlesen <span class=\"meta-nav\">&rarr;<\/span><\/a><\/p>\n","protected":false},"author":1,"featured_media":0,"parent":0,"menu_order":6,"comment_status":"closed","ping_status":"closed","template":"","meta":{"footnotes":""},"_links":{"self":[{"href":"https:\/\/biologisches-institut-oldenburg.de\/index.php?rest_route=\/wp\/v2\/pages\/11"}],"collection":[{"href":"https:\/\/biologisches-institut-oldenburg.de\/index.php?rest_route=\/wp\/v2\/pages"}],"about":[{"href":"https:\/\/biologisches-institut-oldenburg.de\/index.php?rest_route=\/wp\/v2\/types\/page"}],"author":[{"embeddable":true,"href":"https:\/\/biologisches-institut-oldenburg.de\/index.php?rest_route=\/wp\/v2\/users\/1"}],"replies":[{"embeddable":true,"href":"https:\/\/biologisches-institut-oldenburg.de\/index.php?rest_route=%2Fwp%2Fv2%2Fcomments&post=11"}],"version-history":[{"count":28,"href":"https:\/\/biologisches-institut-oldenburg.de\/index.php?rest_route=\/wp\/v2\/pages\/11\/revisions"}],"predecessor-version":[{"id":845,"href":"https:\/\/biologisches-institut-oldenburg.de\/index.php?rest_route=\/wp\/v2\/pages\/11\/revisions\/845"}],"wp:attachment":[{"href":"https:\/\/biologisches-institut-oldenburg.de\/index.php?rest_route=%2Fwp%2Fv2%2Fmedia&parent=11"}],"curies":[{"name":"wp","href":"https:\/\/api.w.org\/{rel}","templated":true}]}}